{"id":27,"date":"2015-03-02T17:36:23","date_gmt":"2015-03-02T17:36:23","guid":{"rendered":"http:\/\/amlabogados.com\/?page_id=27"},"modified":"2020-10-31T20:35:41","modified_gmt":"2020-10-31T19:35:41","slug":"legal-services","status":"publish","type":"page","link":"https:\/\/amlabogados.com\/es\/","title":{"rendered":"Qu\u00e9 ofrecemos"},"content":{"rendered":"<p><\/p>\n<h3 style=\"text-align: center;\"><\/h3>\n<h3 style=\"text-align: center;\"><strong>Servicio personalizado<\/strong><\/h3>\n<p style=\"text-align: center;\">Nuestro servicio legal se basa en la confianza personal y accesibilidad de nuestros profesionales respecto a sus clientes. El trato personal y directo que nuestros clientes requieren tanto en el inicio del proceso como durante todo el proceso de un asunto.<\/p>\n<h3 style=\"text-align: center;\"><strong>Servicio de calidad<\/strong><\/h3>\n<p style=\"text-align: center;\">Nuestros abogados cuentan con una alta cualificaci\u00f3n profesional y experiencia legal que garantiza la excelencia en los servicios prestados.<\/p>\n<h3 style=\"text-align: center;\"><strong>Servicio integral<\/strong><\/h3>\n<p style=\"text-align: center; vertical-align: baseline; margin: 0cm 0cm 19.2pt 0cm;\" align=\"center\">Servicio de asesoramiento integral comprendiendo las necesidades de nuestros clientes, en la b\u00fasqueda de la consecuci\u00f3n de la mejor soluci\u00f3n. Atenci\u00f3n permanente de los asuntos previniendo contingencias y dando soluciones eficaces a los mismos.<\/p>\n<p style=\"text-align: center; vertical-align: baseline; margin: 0cm 0cm 19.2pt 0cm;\" align=\"center\"><img decoding=\"async\" class=\"wp-image-85\" src=\"https:\/\/amlabogados.com\/wp-content\/uploads\/2015\/03\/abogado-barcelona.jpg\" alt=\"abogado barcelona\" \/><\/p>\n<p style=\"text-align: center;\"><strong>SEDE: C\/C\u00c1CERES 28, LOCAL, 08028 &#8211; SANTS &#8211; BARCELONA <\/strong><\/p>\n<h3 style=\"text-align: center; vertical-align: baseline; margin: 0cm 0cm 19.2pt 0cm;\" align=\"center\"><strong>(A 4 minutos caminando desde Pla\u00e7a de Sants\/Badal L\u00ednea 5 de metro y Mercat Nou L\u00ednea 1)<\/strong><\/h3>\n<p><center><iframe loading=\"lazy\" style=\"border: 0;\" src=\"https:\/\/www.google.com\/maps\/embed?pb=!1m18!1m12!1m3!1d2993.9926602715327!2d2.1290461393526856!3d41.37424418649448!2m3!1f0!2f0!3f0!3m2!1i1024!2i768!4f13.1!3m3!1m2!1s0x12a4988eeef6411b%3A0xeed9525d6accfefe!2sCarrer+de+C%C3%A0ceres%2C+28%2C+08028+Barcelona!5e0!3m2!1ses!2ses!4v1479168481592\" width=\"600\" height=\"450\" frameborder=\"0\" allowfullscreen=\"allowfullscreen\"><\/iframe><\/center>&nbsp;<\/p>","protected":false},"excerpt":{"rendered":"<p>Servicio personalizado Nuestro servicio legal se basa en la confianza personal y accesibilidad de nuestros profesionales respecto a sus clientes. El trato personal y directo que nuestros clientes requieren tanto en el inicio del proceso como durante todo el proceso de un asunto. Servicio de calidad Nuestros abogados cuentan con una alta cualificaci\u00f3n profesional y &#8230; <a title=\"Qu\u00e9 ofrecemos\" class=\"read-more\" href=\"https:\/\/amlabogados.com\/es\/\" aria-label=\"Leer m\u00e1s sobre Qu\u00e9 ofrecemos\">Leer m\u00e1s<\/a><\/p>\n","protected":false},"author":1,"featured_media":0,"parent":0,"menu_order":0,"comment_status":"closed","ping_status":"closed","template":"","meta":{"footnotes":""},"class_list":["post-27","page","type-page","status-publish"],"yoast_head":"<!-- This site is optimized with the Yoast SEO plugin v26.5 - https:\/\/yoast.com\/wordpress\/plugins\/seo\/ -->\n<title>AML Abogados Barcelona - Despacho multidisciplinar en Barcelona<\/title>\n<meta name=\"description\" content=\"Nuestros abogados cuentan con una alta cualificaci\u00f3n profesional y experiencia legal que garantiza la excelencia en los servicios prestados\" \/>\n<meta name=\"robots\" content=\"index, follow, max-snippet:-1, max-image-preview:large, max-video-preview:-1\" \/>\n<link rel=\"canonical\" href=\"https:\/\/amlabogados.com\/es\/\" \/>\n<meta property=\"og:locale\" content=\"es_ES\" \/>\n<meta property=\"og:type\" content=\"article\" \/>\n<meta property=\"og:title\" content=\"AML Abogados Barcelona - Despacho multidisciplinar en Barcelona\" \/>\n<meta property=\"og:description\" content=\"Nuestros abogados cuentan con una alta cualificaci\u00f3n profesional y experiencia legal que garantiza la excelencia en los servicios prestados\" \/>\n<meta property=\"og:url\" content=\"https:\/\/amlabogados.com\/es\/\" \/>\n<meta property=\"og:site_name\" content=\"AML Abogados Barcelona - Despacho multidisciplinar en Barcelona\" \/>\n<meta property=\"article:modified_time\" content=\"2020-10-31T19:35:41+00:00\" \/>\n<meta property=\"og:image\" content=\"https:\/\/amlabogados.com\/wp-content\/uploads\/2015\/03\/abogado-barcelona.jpg\" \/>\n<meta name=\"twitter:label1\" content=\"Tiempo de lectura\" \/>\n\t<meta name=\"twitter:data1\" content=\"2 minutos\" \/>\n<script type=\"application\/ld+json\" class=\"yoast-schema-graph\">{\"@context\":\"https:\/\/schema.org\",\"@graph\":[{\"@type\":\"WebPage\",\"@id\":\"https:\/\/amlabogados.com\/es\/\",\"url\":\"https:\/\/amlabogados.com\/es\/\",\"name\":\"AML Abogados Barcelona - Despacho multidisciplinar en Barcelona\",\"isPartOf\":{\"@id\":\"https:\/\/amlabogados.com\/es\/#website\"},\"primaryImageOfPage\":{\"@id\":\"https:\/\/amlabogados.com\/es\/#primaryimage\"},\"image\":{\"@id\":\"https:\/\/amlabogados.com\/es\/#primaryimage\"},\"thumbnailUrl\":\"https:\/\/amlabogados.com\/wp-content\/uploads\/2015\/03\/abogado-barcelona.jpg\",\"datePublished\":\"2015-03-02T17:36:23+00:00\",\"dateModified\":\"2020-10-31T19:35:41+00:00\",\"description\":\"Nuestros abogados cuentan con una alta cualificaci\u00f3n profesional y experiencia legal que garantiza la excelencia en los servicios prestados\",\"breadcrumb\":{\"@id\":\"https:\/\/amlabogados.com\/es\/#breadcrumb\"},\"inLanguage\":\"es\",\"potentialAction\":[{\"@type\":\"ReadAction\",\"target\":[[\"https:\/\/amlabogados.com\/es\/\"]]}]},{\"@type\":\"ImageObject\",\"inLanguage\":\"es\",\"@id\":\"https:\/\/amlabogados.com\/es\/#primaryimage\",\"url\":\"https:\/\/amlabogados.com\/wp-content\/uploads\/2015\/03\/abogado-barcelona.jpg\",\"contentUrl\":\"https:\/\/amlabogados.com\/wp-content\/uploads\/2015\/03\/abogado-barcelona.jpg\"},{\"@type\":\"BreadcrumbList\",\"@id\":\"https:\/\/amlabogados.com\/es\/#breadcrumb\",\"itemListElement\":[{\"@type\":\"ListItem\",\"position\":1,\"name\":\"Portada\",\"item\":\"https:\/\/amlabogados.com\/es\/\"},{\"@type\":\"ListItem\",\"position\":2,\"name\":\"Qu\u00e9 ofrecemos\"}]},{\"@type\":\"WebSite\",\"@id\":\"https:\/\/amlabogados.com\/es\/#website\",\"url\":\"https:\/\/amlabogados.com\/es\/\",\"name\":\"AML Abogados Barcelona - Despacho multidisciplinar en Barcelona\",\"description\":\"Despacho abogados Barcelona\",\"publisher\":{\"@id\":\"https:\/\/amlabogados.com\/es\/#organization\"},\"potentialAction\":[{\"@type\":\"SearchAction\",\"target\":{\"@type\":\"EntryPoint\",\"urlTemplate\":\"https:\/\/amlabogados.com\/es\/?s={search_term_string}\"},\"query-input\":{\"@type\":\"PropertyValueSpecification\",\"valueRequired\":true,\"valueName\":\"search_term_string\"}}],\"inLanguage\":\"es\"},{\"@type\":\"Organization\",\"@id\":\"https:\/\/amlabogados.com\/es\/#organization\",\"name\":\"AML Abogados Barcelona - Despacho multidisciplinar en Barcelona\",\"url\":\"https:\/\/amlabogados.com\/es\/\",\"logo\":{\"@type\":\"ImageObject\",\"inLanguage\":\"es\",\"@id\":\"https:\/\/amlabogados.com\/es\/#\/schema\/logo\/image\/\",\"url\":\"https:\/\/amlabogados.com\/wp-content\/uploads\/2017\/12\/cropped-largo.jpg\",\"contentUrl\":\"https:\/\/amlabogados.com\/wp-content\/uploads\/2017\/12\/cropped-largo.jpg\",\"width\":500,\"height\":112,\"caption\":\"AML Abogados Barcelona - Despacho multidisciplinar en Barcelona\"},\"image\":{\"@id\":\"https:\/\/amlabogados.com\/es\/#\/schema\/logo\/image\/\"}}]}<\/script>\n<!-- \/ Yoast SEO plugin. -->","yoast_head_json":{"title":"AML Abogados Barcelona - Despacho multidisciplinar en Barcelona","description":"Nuestros abogados cuentan con una alta cualificaci\u00f3n profesional y experiencia legal que garantiza la excelencia en los servicios prestados","robots":{"index":"index","follow":"follow","max-snippet":"max-snippet:-1","max-image-preview":"max-image-preview:large","max-video-preview":"max-video-preview:-1"},"canonical":"https:\/\/amlabogados.com\/es\/","og_locale":"es_ES","og_type":"article","og_title":"AML Abogados Barcelona - Despacho multidisciplinar en Barcelona","og_description":"Nuestros abogados cuentan con una alta cualificaci\u00f3n profesional y experiencia legal que garantiza la excelencia en los servicios prestados","og_url":"https:\/\/amlabogados.com\/es\/","og_site_name":"AML Abogados Barcelona - Despacho multidisciplinar en Barcelona","article_modified_time":"2020-10-31T19:35:41+00:00","og_image":[{"url":"https:\/\/amlabogados.com\/wp-content\/uploads\/2015\/03\/abogado-barcelona.jpg","type":"","width":"","height":""}],"twitter_misc":{"Tiempo de lectura":"2 minutos"},"schema":{"@context":"https:\/\/schema.org","@graph":[{"@type":"WebPage","@id":"https:\/\/amlabogados.com\/es\/","url":"https:\/\/amlabogados.com\/es\/","name":"AML Abogados Barcelona - Despacho multidisciplinar en Barcelona","isPartOf":{"@id":"https:\/\/amlabogados.com\/es\/#website"},"primaryImageOfPage":{"@id":"https:\/\/amlabogados.com\/es\/#primaryimage"},"image":{"@id":"https:\/\/amlabogados.com\/es\/#primaryimage"},"thumbnailUrl":"https:\/\/amlabogados.com\/wp-content\/uploads\/2015\/03\/abogado-barcelona.jpg","datePublished":"2015-03-02T17:36:23+00:00","dateModified":"2020-10-31T19:35:41+00:00","description":"Nuestros abogados cuentan con una alta cualificaci\u00f3n profesional y experiencia legal que garantiza la excelencia en los servicios prestados","breadcrumb":{"@id":"https:\/\/amlabogados.com\/es\/#breadcrumb"},"inLanguage":"es","potentialAction":[{"@type":"ReadAction","target":[["https:\/\/amlabogados.com\/es\/"]]}]},{"@type":"ImageObject","inLanguage":"es","@id":"https:\/\/amlabogados.com\/es\/#primaryimage","url":"https:\/\/amlabogados.com\/wp-content\/uploads\/2015\/03\/abogado-barcelona.jpg","contentUrl":"https:\/\/amlabogados.com\/wp-content\/uploads\/2015\/03\/abogado-barcelona.jpg"},{"@type":"BreadcrumbList","@id":"https:\/\/amlabogados.com\/es\/#breadcrumb","itemListElement":[{"@type":"ListItem","position":1,"name":"Portada","item":"https:\/\/amlabogados.com\/es\/"},{"@type":"ListItem","position":2,"name":"Qu\u00e9 ofrecemos"}]},{"@type":"WebSite","@id":"https:\/\/amlabogados.com\/es\/#website","url":"https:\/\/amlabogados.com\/es\/","name":"AML Abogados Barcelona - Despacho multidisciplinar en Barcelona","description":"Despacho abogados Barcelona","publisher":{"@id":"https:\/\/amlabogados.com\/es\/#organization"},"potentialAction":[{"@type":"SearchAction","target":{"@type":"EntryPoint","urlTemplate":"https:\/\/amlabogados.com\/es\/?s={search_term_string}"},"query-input":{"@type":"PropertyValueSpecification","valueRequired":true,"valueName":"search_term_string"}}],"inLanguage":"es"},{"@type":"Organization","@id":"https:\/\/amlabogados.com\/es\/#organization","name":"AML Abogados Barcelona - Despacho multidisciplinar en Barcelona","url":"https:\/\/amlabogados.com\/es\/","logo":{"@type":"ImageObject","inLanguage":"es","@id":"https:\/\/amlabogados.com\/es\/#\/schema\/logo\/image\/","url":"https:\/\/amlabogados.com\/wp-content\/uploads\/2017\/12\/cropped-largo.jpg","contentUrl":"https:\/\/amlabogados.com\/wp-content\/uploads\/2017\/12\/cropped-largo.jpg","width":500,"height":112,"caption":"AML Abogados Barcelona - Despacho multidisciplinar en Barcelona"},"image":{"@id":"https:\/\/amlabogados.com\/es\/#\/schema\/logo\/image\/"}}]}},"_links":{"self":[{"href":"https:\/\/amlabogados.com\/es\/wp-json\/wp\/v2\/pages\/27","targetHints":{"allow":["GET"]}}],"collection":[{"href":"https:\/\/amlabogados.com\/es\/wp-json\/wp\/v2\/pages"}],"about":[{"href":"https:\/\/amlabogados.com\/es\/wp-json\/wp\/v2\/types\/page"}],"author":[{"embeddable":true,"href":"https:\/\/amlabogados.com\/es\/wp-json\/wp\/v2\/users\/1"}],"replies":[{"embeddable":true,"href":"https:\/\/amlabogados.com\/es\/wp-json\/wp\/v2\/comments?post=27"}],"version-history":[{"count":30,"href":"https:\/\/amlabogados.com\/es\/wp-json\/wp\/v2\/pages\/27\/revisions"}],"predecessor-version":[{"id":377,"href":"https:\/\/amlabogados.com\/es\/wp-json\/wp\/v2\/pages\/27\/revisions\/377"}],"wp:attachment":[{"href":"https:\/\/amlabogados.com\/es\/wp-json\/wp\/v2\/media?parent=27"}],"curies":[{"name":"wp","href":"https:\/\/api.w.org\/{rel}","templated":true}]}}