{"id":11,"date":"2015-03-02T16:47:13","date_gmt":"2015-03-02T16:47:13","guid":{"rendered":"http:\/\/amlabogados.com\/?page_id=11"},"modified":"2025-12-09T19:23:44","modified_gmt":"2025-12-09T18:23:44","slug":"nuestro-equipo-barcelona","status":"publish","type":"page","link":"https:\/\/amlabogados.com\/es\/nuestro-equipo-barcelona\/","title":{"rendered":"Nuestro equipo"},"content":{"rendered":"<p><img loading=\"lazy\" decoding=\"async\" class=\"wp-image-88 aligncenter\" src=\"https:\/\/amlabogados.com\/wp-content\/uploads\/2020\/06\/ciutat-de-la-justicia-barce.jpg\" alt=\"fondo\" width=\"708\" height=\"262\" \/><\/p>\n<p><strong>AML Abogados<\/strong> se compone por profesionales j\u00f3venes de la abogac\u00eda ofreciendo un servicio de calidad en las diferentes ramas del Derecho.<\/p>\n<p style=\"text-align: justify;\">El equipo est\u00e1 integrado por un equipo multidisciplinar de profesionales que cubren casi todas las \u00e1reas del Derecho, con formaci\u00f3n legal continua, conocimiento de idiomas, y entrega absoluta a nuestros clientes.<\/p>\n<table style=\"height: 994px;\" width=\"878\">\n<tbody>\n<tr>\n<td><img loading=\"lazy\" decoding=\"async\" class=\"wp-image-263 aligncenter\" src=\"https:\/\/amlabogados.com\/wp-content\/uploads\/2015\/03\/carla.jpg\" alt=\"Abogada AML Abogados Barcelona\" width=\"106\" height=\"147\" srcset=\"https:\/\/amlabogados.com\/wp-content\/uploads\/2015\/03\/carla.jpg 236w, https:\/\/amlabogados.com\/wp-content\/uploads\/2015\/03\/carla-217x300.jpg 217w\" sizes=\"auto, (max-width: 106px) 100vw, 106px\" \/><\/td>\n<td>\u00a0<strong>Carla Tortajada de la Prida<\/strong>Licenciada en Derecho por la Facultad de Derecho (Universidad de Barcelona)<\/p>\n<p>Abogada colegiada en el Ilustre Colegio de Abogados de Barcelona desde el 2010.<\/td>\n<\/tr>\n<tr>\n<td><img loading=\"lazy\" decoding=\"async\" class=\"size-full wp-image-362 aligncenter\" src=\"https:\/\/amlabogados.com\/wp-content\/uploads\/2015\/03\/angel.jpg\" alt=\"abogado angel barcelona\" width=\"106\" height=\"147\" \/><\/td>\n<td><strong>\u00c1ngel Matamoros L\u00f3pez<\/strong>Licenciado en Derecho por la Facultad de Derecho (Universidad de Barcelona)<\/p>\n<p>Juris Doctor (Universidad de Puerto Rico, EEUU)<\/p>\n<p>M\u00e1ster en Relaciones Internacionales (Escuela Diplom\u00e1tica)<\/p>\n<p>Abogado colegiado en el Ilustre Colegio de Abogados de Barcelona<\/td>\n<\/tr>\n<tr>\n<td><img loading=\"lazy\" decoding=\"async\" class=\"wp-image-268 aligncenter\" src=\"https:\/\/amlabogados.com\/wp-content\/uploads\/2015\/03\/meri.jpg\" alt=\"meri\" width=\"107\" height=\"134\" srcset=\"https:\/\/amlabogados.com\/wp-content\/uploads\/2015\/03\/meri.jpg 355w, https:\/\/amlabogados.com\/wp-content\/uploads\/2015\/03\/meri-239x300.jpg 239w\" sizes=\"auto, (max-width: 107px) 100vw, 107px\" \/><\/td>\n<td><strong>Meritxell Cabez\u00f3n Arbat<\/strong>Licenciada en Derecho por la Facultad de Derecho (Universidad de Barcelona)<\/p>\n<p>M\u00e1ster en Tributaci\u00f3n y Asesor\u00eda Fiscal<\/p>\n<p>Abogada colegiada en el Ilustre Colegio de Abogados de Barcelona<\/td>\n<\/tr>\n<tr>\n<td><\/td>\n<td><\/td>\n<\/tr>\n<\/tbody>\n<\/table>\n<p><\/p>","protected":false},"excerpt":{"rendered":"<p>Soy Ana Fern\u00e1ndez. He trabajado en el sector de gesti\u00f3n y asesoramiento de empresas durante los \u00faltimos 15 a\u00f1os. Licenciada en Direcci\u00f3n de Empresas.<\/p>\n","protected":false},"author":1,"featured_media":0,"parent":0,"menu_order":0,"comment_status":"closed","ping_status":"closed","template":"","meta":{"footnotes":""},"class_list":["post-11","page","type-page","status-publish"],"yoast_head":"<!-- This site is optimized with the Yoast SEO plugin v26.5 - https:\/\/yoast.com\/wordpress\/plugins\/seo\/ -->\n<title>Nuestro equipo - Compuesto por profesionales de la abogac\u00eda<\/title>\n<meta name=\"description\" content=\"Nuestro equipo est\u00e1 compuesto por por profesionales que cubren la mayor\u00eda de \u00e1reas del derecho con continua formaci\u00f3n legal.\" \/>\n<meta name=\"robots\" content=\"index, follow, max-snippet:-1, max-image-preview:large, max-video-preview:-1\" \/>\n<link rel=\"canonical\" href=\"https:\/\/amlabogados.com\/es\/nuestro-equipo-barcelona\/\" \/>\n<meta property=\"og:locale\" content=\"es_ES\" \/>\n<meta property=\"og:type\" content=\"article\" \/>\n<meta property=\"og:title\" content=\"Nuestro equipo - Compuesto por profesionales de la abogac\u00eda\" \/>\n<meta property=\"og:description\" content=\"Nuestro equipo est\u00e1 compuesto por por profesionales que cubren la mayor\u00eda de \u00e1reas del derecho con continua formaci\u00f3n legal.\" \/>\n<meta property=\"og:url\" content=\"https:\/\/amlabogados.com\/es\/nuestro-equipo-barcelona\/\" \/>\n<meta property=\"og:site_name\" content=\"AML Abogados Barcelona - Despacho multidisciplinar en Barcelona\" \/>\n<meta property=\"article:modified_time\" content=\"2025-12-09T18:23:44+00:00\" \/>\n<meta property=\"og:image\" content=\"https:\/\/amlabogados.com\/wp-content\/uploads\/2015\/03\/Fondo.jpg\" \/>\n\t<meta property=\"og:image:width\" content=\"851\" \/>\n\t<meta property=\"og:image:height\" content=\"315\" \/>\n\t<meta property=\"og:image:type\" content=\"image\/jpeg\" \/>\n<meta name=\"twitter:label1\" content=\"Tiempo de lectura\" \/>\n\t<meta name=\"twitter:data1\" content=\"2 minutos\" \/>\n<script type=\"application\/ld+json\" class=\"yoast-schema-graph\">{\"@context\":\"https:\/\/schema.org\",\"@graph\":[{\"@type\":\"WebPage\",\"@id\":\"https:\/\/amlabogados.com\/es\/nuestro-equipo-barcelona\/\",\"url\":\"https:\/\/amlabogados.com\/es\/nuestro-equipo-barcelona\/\",\"name\":\"Nuestro equipo - Compuesto por profesionales de la abogac\u00eda\",\"isPartOf\":{\"@id\":\"https:\/\/amlabogados.com\/es\/#website\"},\"primaryImageOfPage\":{\"@id\":\"https:\/\/amlabogados.com\/es\/nuestro-equipo-barcelona\/#primaryimage\"},\"image\":{\"@id\":\"https:\/\/amlabogados.com\/nuestro-equipo-barcelona\/#primaryimage\"},\"thumbnailUrl\":\"https:\/\/amlabogados.com\/wp-content\/uploads\/2020\/06\/ciutat-de-la-justicia-barce.jpg\",\"datePublished\":\"2015-03-02T16:47:13+00:00\",\"dateModified\":\"2025-12-09T18:23:44+00:00\",\"description\":\"Nuestro equipo est\u00e1 compuesto por por profesionales que cubren la mayor\u00eda de \u00e1reas del derecho con continua formaci\u00f3n legal.\",\"breadcrumb\":{\"@id\":\"https:\/\/amlabogados.com\/es\/nuestro-equipo-barcelona\/#breadcrumb\"},\"inLanguage\":\"es\",\"potentialAction\":[{\"@type\":\"ReadAction\",\"target\":[[\"https:\/\/amlabogados.com\/es\/nuestro-equipo-barcelona\/\"]]}]},{\"@type\":\"ImageObject\",\"inLanguage\":\"es\",\"@id\":\"https:\/\/amlabogados.com\/es\/nuestro-equipo-barcelona\/#primaryimage\",\"url\":\"https:\/\/amlabogados.com\/wp-content\/uploads\/2020\/06\/ciutat-de-la-justicia-barce.jpg\",\"contentUrl\":\"https:\/\/amlabogados.com\/wp-content\/uploads\/2020\/06\/ciutat-de-la-justicia-barce.jpg\"},{\"@type\":\"BreadcrumbList\",\"@id\":\"https:\/\/amlabogados.com\/es\/nuestro-equipo-barcelona\/#breadcrumb\",\"itemListElement\":[{\"@type\":\"ListItem\",\"position\":1,\"name\":\"Portada\",\"item\":\"https:\/\/amlabogados.com\/es\/\"},{\"@type\":\"ListItem\",\"position\":2,\"name\":\"Nuestro equipo\"}]},{\"@type\":\"WebSite\",\"@id\":\"https:\/\/amlabogados.com\/es\/#website\",\"url\":\"https:\/\/amlabogados.com\/es\/\",\"name\":\"AML Abogados Barcelona - Despacho multidisciplinar en Barcelona\",\"description\":\"Despacho abogados Barcelona\",\"publisher\":{\"@id\":\"https:\/\/amlabogados.com\/es\/#organization\"},\"potentialAction\":[{\"@type\":\"SearchAction\",\"target\":{\"@type\":\"EntryPoint\",\"urlTemplate\":\"https:\/\/amlabogados.com\/es\/?s={search_term_string}\"},\"query-input\":{\"@type\":\"PropertyValueSpecification\",\"valueRequired\":true,\"valueName\":\"search_term_string\"}}],\"inLanguage\":\"es\"},{\"@type\":\"Organization\",\"@id\":\"https:\/\/amlabogados.com\/es\/#organization\",\"name\":\"AML Abogados Barcelona - Despacho multidisciplinar en Barcelona\",\"url\":\"https:\/\/amlabogados.com\/es\/\",\"logo\":{\"@type\":\"ImageObject\",\"inLanguage\":\"es\",\"@id\":\"https:\/\/amlabogados.com\/es\/#\/schema\/logo\/image\/\",\"url\":\"https:\/\/amlabogados.com\/wp-content\/uploads\/2017\/12\/cropped-largo.jpg\",\"contentUrl\":\"https:\/\/amlabogados.com\/wp-content\/uploads\/2017\/12\/cropped-largo.jpg\",\"width\":500,\"height\":112,\"caption\":\"AML Abogados Barcelona - Despacho multidisciplinar en Barcelona\"},\"image\":{\"@id\":\"https:\/\/amlabogados.com\/es\/#\/schema\/logo\/image\/\"}}]}<\/script>\n<!-- \/ Yoast SEO plugin. -->","yoast_head_json":{"title":"Nuestro equipo - Compuesto por profesionales de la abogac\u00eda","description":"Nuestro equipo est\u00e1 compuesto por por profesionales que cubren la mayor\u00eda de \u00e1reas del derecho con continua formaci\u00f3n legal.","robots":{"index":"index","follow":"follow","max-snippet":"max-snippet:-1","max-image-preview":"max-image-preview:large","max-video-preview":"max-video-preview:-1"},"canonical":"https:\/\/amlabogados.com\/es\/nuestro-equipo-barcelona\/","og_locale":"es_ES","og_type":"article","og_title":"Nuestro equipo - Compuesto por profesionales de la abogac\u00eda","og_description":"Nuestro equipo est\u00e1 compuesto por por profesionales que cubren la mayor\u00eda de \u00e1reas del derecho con continua formaci\u00f3n legal.","og_url":"https:\/\/amlabogados.com\/es\/nuestro-equipo-barcelona\/","og_site_name":"AML Abogados Barcelona - Despacho multidisciplinar en Barcelona","article_modified_time":"2025-12-09T18:23:44+00:00","og_image":[{"width":851,"height":315,"url":"https:\/\/amlabogados.com\/wp-content\/uploads\/2015\/03\/Fondo.jpg","type":"image\/jpeg"}],"twitter_misc":{"Tiempo de lectura":"2 minutos"},"schema":{"@context":"https:\/\/schema.org","@graph":[{"@type":"WebPage","@id":"https:\/\/amlabogados.com\/es\/nuestro-equipo-barcelona\/","url":"https:\/\/amlabogados.com\/es\/nuestro-equipo-barcelona\/","name":"Nuestro equipo - Compuesto por profesionales de la abogac\u00eda","isPartOf":{"@id":"https:\/\/amlabogados.com\/es\/#website"},"primaryImageOfPage":{"@id":"https:\/\/amlabogados.com\/es\/nuestro-equipo-barcelona\/#primaryimage"},"image":{"@id":"https:\/\/amlabogados.com\/nuestro-equipo-barcelona\/#primaryimage"},"thumbnailUrl":"https:\/\/amlabogados.com\/wp-content\/uploads\/2020\/06\/ciutat-de-la-justicia-barce.jpg","datePublished":"2015-03-02T16:47:13+00:00","dateModified":"2025-12-09T18:23:44+00:00","description":"Nuestro equipo est\u00e1 compuesto por por profesionales que cubren la mayor\u00eda de \u00e1reas del derecho con continua formaci\u00f3n legal.","breadcrumb":{"@id":"https:\/\/amlabogados.com\/es\/nuestro-equipo-barcelona\/#breadcrumb"},"inLanguage":"es","potentialAction":[{"@type":"ReadAction","target":[["https:\/\/amlabogados.com\/es\/nuestro-equipo-barcelona\/"]]}]},{"@type":"ImageObject","inLanguage":"es","@id":"https:\/\/amlabogados.com\/es\/nuestro-equipo-barcelona\/#primaryimage","url":"https:\/\/amlabogados.com\/wp-content\/uploads\/2020\/06\/ciutat-de-la-justicia-barce.jpg","contentUrl":"https:\/\/amlabogados.com\/wp-content\/uploads\/2020\/06\/ciutat-de-la-justicia-barce.jpg"},{"@type":"BreadcrumbList","@id":"https:\/\/amlabogados.com\/es\/nuestro-equipo-barcelona\/#breadcrumb","itemListElement":[{"@type":"ListItem","position":1,"name":"Portada","item":"https:\/\/amlabogados.com\/es\/"},{"@type":"ListItem","position":2,"name":"Nuestro equipo"}]},{"@type":"WebSite","@id":"https:\/\/amlabogados.com\/es\/#website","url":"https:\/\/amlabogados.com\/es\/","name":"AML Abogados Barcelona - Despacho multidisciplinar en Barcelona","description":"Despacho abogados Barcelona","publisher":{"@id":"https:\/\/amlabogados.com\/es\/#organization"},"potentialAction":[{"@type":"SearchAction","target":{"@type":"EntryPoint","urlTemplate":"https:\/\/amlabogados.com\/es\/?s={search_term_string}"},"query-input":{"@type":"PropertyValueSpecification","valueRequired":true,"valueName":"search_term_string"}}],"inLanguage":"es"},{"@type":"Organization","@id":"https:\/\/amlabogados.com\/es\/#organization","name":"AML Abogados Barcelona - Despacho multidisciplinar en Barcelona","url":"https:\/\/amlabogados.com\/es\/","logo":{"@type":"ImageObject","inLanguage":"es","@id":"https:\/\/amlabogados.com\/es\/#\/schema\/logo\/image\/","url":"https:\/\/amlabogados.com\/wp-content\/uploads\/2017\/12\/cropped-largo.jpg","contentUrl":"https:\/\/amlabogados.com\/wp-content\/uploads\/2017\/12\/cropped-largo.jpg","width":500,"height":112,"caption":"AML Abogados Barcelona - Despacho multidisciplinar en Barcelona"},"image":{"@id":"https:\/\/amlabogados.com\/es\/#\/schema\/logo\/image\/"}}]}},"_links":{"self":[{"href":"https:\/\/amlabogados.com\/es\/wp-json\/wp\/v2\/pages\/11","targetHints":{"allow":["GET"]}}],"collection":[{"href":"https:\/\/amlabogados.com\/es\/wp-json\/wp\/v2\/pages"}],"about":[{"href":"https:\/\/amlabogados.com\/es\/wp-json\/wp\/v2\/types\/page"}],"author":[{"embeddable":true,"href":"https:\/\/amlabogados.com\/es\/wp-json\/wp\/v2\/users\/1"}],"replies":[{"embeddable":true,"href":"https:\/\/amlabogados.com\/es\/wp-json\/wp\/v2\/comments?post=11"}],"version-history":[{"count":35,"href":"https:\/\/amlabogados.com\/es\/wp-json\/wp\/v2\/pages\/11\/revisions"}],"predecessor-version":[{"id":386,"href":"https:\/\/amlabogados.com\/es\/wp-json\/wp\/v2\/pages\/11\/revisions\/386"}],"wp:attachment":[{"href":"https:\/\/amlabogados.com\/es\/wp-json\/wp\/v2\/media?parent=11"}],"curies":[{"name":"wp","href":"https:\/\/api.w.org\/{rel}","templated":true}]}}