{"id":108,"date":"2016-11-14T23:27:07","date_gmt":"2016-11-14T23:27:07","guid":{"rendered":"http:\/\/amlabogados.com\/?page_id=108"},"modified":"2016-11-23T13:41:00","modified_gmt":"2016-11-23T13:41:00","slug":"property-management","status":"publish","type":"page","link":"https:\/\/amlabogados.com\/es\/areas-de-trabajo\/property-management\/","title":{"rendered":"Gesti\u00f3n Comunidades"},"content":{"rendered":"<p><\/p>\n<div class=\"servicio-detalle\">\n<div class=\"servicio-detalle__texto medium-6 left\" data-equalizer-watch=\"\">\n<h4 style=\"text-align: right;\"><a href=\"http:\/\/amlabogados.com\/?page_id=144\">OFICINA ONLINE para CLIENTES<\/a><\/h4>\n<h4 style=\"text-align: center;\"><span style=\"text-decoration: underline;\">Especialistas\u00a0en la gesti\u00f3n de su comunitad<\/span><\/h4>\n<h4 style=\"text-align: right;\"><img loading=\"lazy\" decoding=\"async\" class=\"alignright wp-image-140\" src=\"http:\/\/amlabogados.com\/wp-content\/uploads\/2016\/11\/Edificios_AML_Abogados.png\" alt=\"edificios_aml_abogados\" width=\"338\" height=\"242\" srcset=\"https:\/\/amlabogados.com\/wp-content\/uploads\/2016\/11\/Edificios_AML_Abogados.png 713w, https:\/\/amlabogados.com\/wp-content\/uploads\/2016\/11\/Edificios_AML_Abogados-300x215.png 300w\" sizes=\"auto, (max-width: 338px) 100vw, 338px\" \/><\/h4>\n<p><strong>Gesti\u00f3n T\u00e9cnica<\/strong><\/p>\n<ul>\n<li>Control del buen funcionamiento de las instalaciones y servicios de la finca.<\/li>\n<li>Contrataci\u00f3n, control y coordinaci\u00f3n con industriales.<\/li>\n<li>Gesti\u00f3n de las incidencias derivadas de la comunidad.<\/li>\n<li>Servicio de seguros. Gesti\u00f3n y estudio de seguros comunitarios.<\/li>\n<li>Asesoramiento y tramitaci\u00f3n de inspecciones peri\u00f3dicas seg\u00fan normativa.<\/li>\n<\/ul>\n<p><strong>Gesti\u00f3n Administrativa<\/strong><\/p>\n<ul>\n<li>Constituci\u00f3n de la comunidad.<\/li>\n<li>Actuaci\u00f3n como secretario de la comunidad.<\/li>\n<li>Formalizaci\u00f3n y env\u00edo de las convocatorias de las juntas.<\/li>\n<li>Redacci\u00f3n y entrega de actas.<\/li>\n<li>Asistencia a juntas.<\/li>\n<li>Asesoramiento legal y supervisi\u00f3n en todo lo relativo a la ley de la Propiedad Horizontal de Catalu\u00f1a.<\/li>\n<\/ul>\n<p>&nbsp;<\/p>\n<p><strong>Gesti\u00f3n Jur\u00eddica<\/strong><\/p>\n<ul>\n<li>Departamento jur\u00eddico propio.<\/li>\n<li>Control i reclamaci\u00f3n extrajudicial de impagos de recibos y morosos.<\/li>\n<li>Supervisi\u00f3n de procesos judiciales.<\/li>\n<li>Reclamaciones a proveedores por incumplimientos contractuales.<\/li>\n<li>Infracciones relativas a la Ley de la Propiedad Horizontal.<\/li>\n<\/ul>\n<p>&nbsp;<\/p>\n<p><strong>Gesti\u00f3n de Cobros y Pagos<\/strong><\/p>\n<ul>\n<li>Confecci\u00f3n de recibos y cobros de las cuotas ordinarias y extraordinarias aprobadas por la Junta.<\/li>\n<li>Pago y seguimiento a industriales de las obras o mantenimiento que tenga la comunidad.<\/li>\n<\/ul>\n<p>&nbsp;<\/p>\n<p><strong>Gesti\u00f3n Contable<\/strong><\/p>\n<ul>\n<li>Contabilidad de los movimientos de la comunidad.<\/li>\n<li>Informaci\u00f3n peri\u00f3dica de la situaci\u00f3n econ\u00f3mica de la comunidad.<\/li>\n<li>Liquidaci\u00f3n anual de gastos e ingresos.<\/li>\n<li>Elaboraci\u00f3n del presupuesto anual de previsi\u00f3n de gastos.<\/li>\n<\/ul>\n<p>&nbsp;<\/p>\n<\/div>\n<\/div>\n<div class=\"servicio-detalle\">\n<div class=\"servicio-detalle__texto medium-6 left\" data-equalizer-watch=\"\">\n<p style=\"text-align: center;\"><a href=\"http:\/\/amlabogados.com\/?page_id=63\"><strong>Reciba un presupuesto\u00a0a media para su comunidad\u00a0sin compromiso<\/strong><\/a><\/p>\n<p style=\"text-align: center;\">Trabajamos en toda el \u00e1rea metropolitana de Barcelona<\/p>\n<\/div>\n<\/div>\n<p><\/p>","protected":false},"excerpt":{"rendered":"<p>OFICINA ONLINE para CLIENTES Especialistas\u00a0en la gesti\u00f3n de su comunitad Gesti\u00f3n T\u00e9cnica Control del buen funcionamiento de las instalaciones y servicios de la finca. Contrataci\u00f3n, control y coordinaci\u00f3n con industriales. Gesti\u00f3n de las incidencias derivadas de la comunidad. Servicio de seguros. Gesti\u00f3n y estudio de seguros comunitarios. Asesoramiento y tramitaci\u00f3n de inspecciones peri\u00f3dicas seg\u00fan normativa. &#8230; <a title=\"Gesti\u00f3n Comunidades\" class=\"read-more\" href=\"https:\/\/amlabogados.com\/es\/areas-de-trabajo\/property-management\/\" aria-label=\"Leer m\u00e1s sobre Gesti\u00f3n Comunidades\">Leer m\u00e1s<\/a><\/p>\n","protected":false},"author":1,"featured_media":0,"parent":13,"menu_order":3,"comment_status":"closed","ping_status":"closed","template":"","meta":{"footnotes":""},"class_list":["post-108","page","type-page","status-publish"],"yoast_head":"<!-- This site is optimized with the Yoast SEO plugin v26.5 - https:\/\/yoast.com\/wordpress\/plugins\/seo\/ -->\n<title>Gesti\u00f3n Comunidades - Especialistas en la gesti\u00f3n de su finca.<\/title>\n<meta name=\"description\" content=\"Control del buen funcionamiento de las instalaciones y servicios de la finca. Gesti\u00f3n de las incidencias derivadas de la comunidad.\" \/>\n<meta name=\"robots\" content=\"index, follow, max-snippet:-1, max-image-preview:large, max-video-preview:-1\" \/>\n<link rel=\"canonical\" href=\"https:\/\/amlabogados.com\/es\/areas-de-trabajo\/property-management\/\" \/>\n<meta property=\"og:locale\" content=\"es_ES\" \/>\n<meta property=\"og:type\" content=\"article\" \/>\n<meta property=\"og:title\" content=\"Gesti\u00f3n Comunidades - Especialistas en la gesti\u00f3n de su finca.\" \/>\n<meta property=\"og:description\" content=\"Control del buen funcionamiento de las instalaciones y servicios de la finca. Gesti\u00f3n de las incidencias derivadas de la comunidad.\" \/>\n<meta property=\"og:url\" content=\"https:\/\/amlabogados.com\/es\/areas-de-trabajo\/property-management\/\" \/>\n<meta property=\"og:site_name\" content=\"AML Abogados Barcelona - Despacho multidisciplinar en Barcelona\" \/>\n<meta property=\"article:modified_time\" content=\"2016-11-23T13:41:00+00:00\" \/>\n<meta property=\"og:image\" content=\"http:\/\/amlabogados.com\/wp-content\/uploads\/2016\/11\/Edificios_AML_Abogados.png\" \/>\n<meta name=\"twitter:label1\" content=\"Tiempo de lectura\" \/>\n\t<meta name=\"twitter:data1\" content=\"3 minutos\" \/>\n<script type=\"application\/ld+json\" class=\"yoast-schema-graph\">{\"@context\":\"https:\/\/schema.org\",\"@graph\":[{\"@type\":\"WebPage\",\"@id\":\"https:\/\/amlabogados.com\/es\/areas-de-trabajo\/property-management\/\",\"url\":\"https:\/\/amlabogados.com\/es\/areas-de-trabajo\/property-management\/\",\"name\":\"Gesti\u00f3n Comunidades - Especialistas en la gesti\u00f3n de su finca.\",\"isPartOf\":{\"@id\":\"https:\/\/amlabogados.com\/es\/#website\"},\"primaryImageOfPage\":{\"@id\":\"https:\/\/amlabogados.com\/es\/areas-de-trabajo\/property-management\/#primaryimage\"},\"image\":{\"@id\":\"https:\/\/amlabogados.com\/areas-de-trabajo\/property-management\/#primaryimage\"},\"thumbnailUrl\":\"http:\/\/amlabogados.com\/wp-content\/uploads\/2016\/11\/Edificios_AML_Abogados.png\",\"datePublished\":\"2016-11-14T23:27:07+00:00\",\"dateModified\":\"2016-11-23T13:41:00+00:00\",\"description\":\"Control del buen funcionamiento de las instalaciones y servicios de la finca. Gesti\u00f3n de las incidencias derivadas de la comunidad.\",\"breadcrumb\":{\"@id\":\"https:\/\/amlabogados.com\/es\/areas-de-trabajo\/property-management\/#breadcrumb\"},\"inLanguage\":\"es\",\"potentialAction\":[{\"@type\":\"ReadAction\",\"target\":[[\"https:\/\/amlabogados.com\/es\/areas-de-trabajo\/property-management\/\"]]}]},{\"@type\":\"ImageObject\",\"inLanguage\":\"es\",\"@id\":\"https:\/\/amlabogados.com\/es\/areas-de-trabajo\/property-management\/#primaryimage\",\"url\":\"http:\/\/amlabogados.com\/wp-content\/uploads\/2016\/11\/Edificios_AML_Abogados.png\",\"contentUrl\":\"http:\/\/amlabogados.com\/wp-content\/uploads\/2016\/11\/Edificios_AML_Abogados.png\"},{\"@type\":\"BreadcrumbList\",\"@id\":\"https:\/\/amlabogados.com\/es\/areas-de-trabajo\/property-management\/#breadcrumb\",\"itemListElement\":[{\"@type\":\"ListItem\",\"position\":1,\"name\":\"Portada\",\"item\":\"https:\/\/amlabogados.com\/es\/\"},{\"@type\":\"ListItem\",\"position\":2,\"name\":\"\u00c1reas de trabajo\",\"item\":\"https:\/\/amlabogados.com\/es\/areas-de-trabajo\/\"},{\"@type\":\"ListItem\",\"position\":3,\"name\":\"Gesti\u00f3n Comunidades\"}]},{\"@type\":\"WebSite\",\"@id\":\"https:\/\/amlabogados.com\/es\/#website\",\"url\":\"https:\/\/amlabogados.com\/es\/\",\"name\":\"AML Abogados Barcelona - Despacho multidisciplinar en Barcelona\",\"description\":\"Despacho abogados Barcelona\",\"publisher\":{\"@id\":\"https:\/\/amlabogados.com\/es\/#organization\"},\"potentialAction\":[{\"@type\":\"SearchAction\",\"target\":{\"@type\":\"EntryPoint\",\"urlTemplate\":\"https:\/\/amlabogados.com\/es\/?s={search_term_string}\"},\"query-input\":{\"@type\":\"PropertyValueSpecification\",\"valueRequired\":true,\"valueName\":\"search_term_string\"}}],\"inLanguage\":\"es\"},{\"@type\":\"Organization\",\"@id\":\"https:\/\/amlabogados.com\/es\/#organization\",\"name\":\"AML Abogados Barcelona - Despacho multidisciplinar en Barcelona\",\"url\":\"https:\/\/amlabogados.com\/es\/\",\"logo\":{\"@type\":\"ImageObject\",\"inLanguage\":\"es\",\"@id\":\"https:\/\/amlabogados.com\/es\/#\/schema\/logo\/image\/\",\"url\":\"https:\/\/amlabogados.com\/wp-content\/uploads\/2017\/12\/cropped-largo.jpg\",\"contentUrl\":\"https:\/\/amlabogados.com\/wp-content\/uploads\/2017\/12\/cropped-largo.jpg\",\"width\":500,\"height\":112,\"caption\":\"AML Abogados Barcelona - Despacho multidisciplinar en Barcelona\"},\"image\":{\"@id\":\"https:\/\/amlabogados.com\/es\/#\/schema\/logo\/image\/\"}}]}<\/script>\n<!-- \/ Yoast SEO plugin. -->","yoast_head_json":{"title":"Gesti\u00f3n Comunidades - Especialistas en la gesti\u00f3n de su finca.","description":"Control del buen funcionamiento de las instalaciones y servicios de la finca. Gesti\u00f3n de las incidencias derivadas de la comunidad.","robots":{"index":"index","follow":"follow","max-snippet":"max-snippet:-1","max-image-preview":"max-image-preview:large","max-video-preview":"max-video-preview:-1"},"canonical":"https:\/\/amlabogados.com\/es\/areas-de-trabajo\/property-management\/","og_locale":"es_ES","og_type":"article","og_title":"Gesti\u00f3n Comunidades - Especialistas en la gesti\u00f3n de su finca.","og_description":"Control del buen funcionamiento de las instalaciones y servicios de la finca. Gesti\u00f3n de las incidencias derivadas de la comunidad.","og_url":"https:\/\/amlabogados.com\/es\/areas-de-trabajo\/property-management\/","og_site_name":"AML Abogados Barcelona - Despacho multidisciplinar en Barcelona","article_modified_time":"2016-11-23T13:41:00+00:00","og_image":[{"url":"http:\/\/amlabogados.com\/wp-content\/uploads\/2016\/11\/Edificios_AML_Abogados.png","type":"","width":"","height":""}],"twitter_misc":{"Tiempo de lectura":"3 minutos"},"schema":{"@context":"https:\/\/schema.org","@graph":[{"@type":"WebPage","@id":"https:\/\/amlabogados.com\/es\/areas-de-trabajo\/property-management\/","url":"https:\/\/amlabogados.com\/es\/areas-de-trabajo\/property-management\/","name":"Gesti\u00f3n Comunidades - Especialistas en la gesti\u00f3n de su finca.","isPartOf":{"@id":"https:\/\/amlabogados.com\/es\/#website"},"primaryImageOfPage":{"@id":"https:\/\/amlabogados.com\/es\/areas-de-trabajo\/property-management\/#primaryimage"},"image":{"@id":"https:\/\/amlabogados.com\/areas-de-trabajo\/property-management\/#primaryimage"},"thumbnailUrl":"http:\/\/amlabogados.com\/wp-content\/uploads\/2016\/11\/Edificios_AML_Abogados.png","datePublished":"2016-11-14T23:27:07+00:00","dateModified":"2016-11-23T13:41:00+00:00","description":"Control del buen funcionamiento de las instalaciones y servicios de la finca. Gesti\u00f3n de las incidencias derivadas de la comunidad.","breadcrumb":{"@id":"https:\/\/amlabogados.com\/es\/areas-de-trabajo\/property-management\/#breadcrumb"},"inLanguage":"es","potentialAction":[{"@type":"ReadAction","target":[["https:\/\/amlabogados.com\/es\/areas-de-trabajo\/property-management\/"]]}]},{"@type":"ImageObject","inLanguage":"es","@id":"https:\/\/amlabogados.com\/es\/areas-de-trabajo\/property-management\/#primaryimage","url":"http:\/\/amlabogados.com\/wp-content\/uploads\/2016\/11\/Edificios_AML_Abogados.png","contentUrl":"http:\/\/amlabogados.com\/wp-content\/uploads\/2016\/11\/Edificios_AML_Abogados.png"},{"@type":"BreadcrumbList","@id":"https:\/\/amlabogados.com\/es\/areas-de-trabajo\/property-management\/#breadcrumb","itemListElement":[{"@type":"ListItem","position":1,"name":"Portada","item":"https:\/\/amlabogados.com\/es\/"},{"@type":"ListItem","position":2,"name":"\u00c1reas de trabajo","item":"https:\/\/amlabogados.com\/es\/areas-de-trabajo\/"},{"@type":"ListItem","position":3,"name":"Gesti\u00f3n Comunidades"}]},{"@type":"WebSite","@id":"https:\/\/amlabogados.com\/es\/#website","url":"https:\/\/amlabogados.com\/es\/","name":"AML Abogados Barcelona - Despacho multidisciplinar en Barcelona","description":"Despacho abogados Barcelona","publisher":{"@id":"https:\/\/amlabogados.com\/es\/#organization"},"potentialAction":[{"@type":"SearchAction","target":{"@type":"EntryPoint","urlTemplate":"https:\/\/amlabogados.com\/es\/?s={search_term_string}"},"query-input":{"@type":"PropertyValueSpecification","valueRequired":true,"valueName":"search_term_string"}}],"inLanguage":"es"},{"@type":"Organization","@id":"https:\/\/amlabogados.com\/es\/#organization","name":"AML Abogados Barcelona - Despacho multidisciplinar en Barcelona","url":"https:\/\/amlabogados.com\/es\/","logo":{"@type":"ImageObject","inLanguage":"es","@id":"https:\/\/amlabogados.com\/es\/#\/schema\/logo\/image\/","url":"https:\/\/amlabogados.com\/wp-content\/uploads\/2017\/12\/cropped-largo.jpg","contentUrl":"https:\/\/amlabogados.com\/wp-content\/uploads\/2017\/12\/cropped-largo.jpg","width":500,"height":112,"caption":"AML Abogados Barcelona - Despacho multidisciplinar en Barcelona"},"image":{"@id":"https:\/\/amlabogados.com\/es\/#\/schema\/logo\/image\/"}}]}},"_links":{"self":[{"href":"https:\/\/amlabogados.com\/es\/wp-json\/wp\/v2\/pages\/108","targetHints":{"allow":["GET"]}}],"collection":[{"href":"https:\/\/amlabogados.com\/es\/wp-json\/wp\/v2\/pages"}],"about":[{"href":"https:\/\/amlabogados.com\/es\/wp-json\/wp\/v2\/types\/page"}],"author":[{"embeddable":true,"href":"https:\/\/amlabogados.com\/es\/wp-json\/wp\/v2\/users\/1"}],"replies":[{"embeddable":true,"href":"https:\/\/amlabogados.com\/es\/wp-json\/wp\/v2\/comments?post=108"}],"version-history":[{"count":23,"href":"https:\/\/amlabogados.com\/es\/wp-json\/wp\/v2\/pages\/108\/revisions"}],"predecessor-version":[{"id":252,"href":"https:\/\/amlabogados.com\/es\/wp-json\/wp\/v2\/pages\/108\/revisions\/252"}],"up":[{"embeddable":true,"href":"https:\/\/amlabogados.com\/es\/wp-json\/wp\/v2\/pages\/13"}],"wp:attachment":[{"href":"https:\/\/amlabogados.com\/es\/wp-json\/wp\/v2\/media?parent=108"}],"curies":[{"name":"wp","href":"https:\/\/api.w.org\/{rel}","templated":true}]}}