{"id":103,"date":"2016-11-14T23:23:04","date_gmt":"2016-11-14T23:23:04","guid":{"rendered":"http:\/\/amlabogados.com\/?page_id=103"},"modified":"2016-11-22T13:32:31","modified_gmt":"2016-11-22T13:32:31","slug":"criminal-law","status":"publish","type":"page","link":"https:\/\/amlabogados.com\/es\/areas-de-trabajo\/criminal-law\/","title":{"rendered":"Derecho Penal"},"content":{"rendered":"<p><\/p>\n<ul class=\"font_8\">\n<li>\n<p class=\"font_8\">Derecho penal econ\u00f3mico<\/p>\n<\/li>\n<li>\n<p class=\"font_8\">Delitos contra la administraci\u00f3n<\/p>\n<\/li>\n<li>\n<p class=\"font_8\">Delitos contra el medio ambiente<\/p>\n<\/li>\n<li>\n<p class=\"font_8\">Delitos urban\u00edsticos<\/p>\n<\/li>\n<li>\n<p class=\"font_8\">Delitos contra las personas<\/p>\n<\/li>\n<li>\n<p class=\"font_8\">Litigaci\u00f3n penal en general<\/p>\n<\/li>\n<\/ul>\n<p><\/p>","protected":false},"excerpt":{"rendered":"<p>Derecho penal econ\u00f3mico Delitos contra la administraci\u00f3n Delitos contra el medio ambiente Delitos urban\u00edsticos Delitos contra las personas Litigaci\u00f3n penal en general<\/p>\n","protected":false},"author":1,"featured_media":0,"parent":13,"menu_order":1,"comment_status":"closed","ping_status":"closed","template":"","meta":{"footnotes":""},"class_list":["post-103","page","type-page","status-publish"],"yoast_head":"<!-- This site is optimized with the Yoast SEO plugin v26.5 - https:\/\/yoast.com\/wordpress\/plugins\/seo\/ -->\n<title>AML Abogados Barcelona - Atenci\u00f3n a litigios de derecho penal<\/title>\n<meta name=\"description\" content=\"Derecho penal econ\u00f3mico, Delitos contra la administraci\u00f3n, Delitos contra el medio ambiente, Delitos urban\u00edsticos, Delitos contra las personas.\" \/>\n<meta name=\"robots\" content=\"index, follow, max-snippet:-1, max-image-preview:large, max-video-preview:-1\" \/>\n<link rel=\"canonical\" href=\"https:\/\/amlabogados.com\/es\/areas-de-trabajo\/criminal-law\/\" \/>\n<meta property=\"og:locale\" content=\"es_ES\" \/>\n<meta property=\"og:type\" content=\"article\" \/>\n<meta property=\"og:title\" content=\"AML Abogados Barcelona - Atenci\u00f3n a litigios de derecho penal\" \/>\n<meta property=\"og:description\" content=\"Derecho penal econ\u00f3mico, Delitos contra la administraci\u00f3n, Delitos contra el medio ambiente, Delitos urban\u00edsticos, Delitos contra las personas.\" \/>\n<meta property=\"og:url\" content=\"https:\/\/amlabogados.com\/es\/areas-de-trabajo\/criminal-law\/\" \/>\n<meta property=\"og:site_name\" content=\"AML Abogados Barcelona - Despacho multidisciplinar en Barcelona\" \/>\n<meta property=\"article:modified_time\" content=\"2016-11-22T13:32:31+00:00\" \/>\n<script type=\"application\/ld+json\" class=\"yoast-schema-graph\">{\"@context\":\"https:\/\/schema.org\",\"@graph\":[{\"@type\":\"WebPage\",\"@id\":\"https:\/\/amlabogados.com\/es\/areas-de-trabajo\/criminal-law\/\",\"url\":\"https:\/\/amlabogados.com\/es\/areas-de-trabajo\/criminal-law\/\",\"name\":\"AML Abogados Barcelona - Atenci\u00f3n a litigios de derecho penal\",\"isPartOf\":{\"@id\":\"https:\/\/amlabogados.com\/es\/#website\"},\"datePublished\":\"2016-11-14T23:23:04+00:00\",\"dateModified\":\"2016-11-22T13:32:31+00:00\",\"description\":\"Derecho penal econ\u00f3mico, Delitos contra la administraci\u00f3n, Delitos contra el medio ambiente, Delitos urban\u00edsticos, Delitos contra las personas.\",\"breadcrumb\":{\"@id\":\"https:\/\/amlabogados.com\/es\/areas-de-trabajo\/criminal-law\/#breadcrumb\"},\"inLanguage\":\"es\",\"potentialAction\":[{\"@type\":\"ReadAction\",\"target\":[[\"https:\/\/amlabogados.com\/es\/areas-de-trabajo\/criminal-law\/\"]]}]},{\"@type\":\"BreadcrumbList\",\"@id\":\"https:\/\/amlabogados.com\/es\/areas-de-trabajo\/criminal-law\/#breadcrumb\",\"itemListElement\":[{\"@type\":\"ListItem\",\"position\":1,\"name\":\"Portada\",\"item\":\"https:\/\/amlabogados.com\/es\/\"},{\"@type\":\"ListItem\",\"position\":2,\"name\":\"\u00c1reas de trabajo\",\"item\":\"https:\/\/amlabogados.com\/es\/areas-de-trabajo\/\"},{\"@type\":\"ListItem\",\"position\":3,\"name\":\"Derecho Penal\"}]},{\"@type\":\"WebSite\",\"@id\":\"https:\/\/amlabogados.com\/es\/#website\",\"url\":\"https:\/\/amlabogados.com\/es\/\",\"name\":\"AML Abogados Barcelona - Despacho multidisciplinar en Barcelona\",\"description\":\"Despacho abogados Barcelona\",\"publisher\":{\"@id\":\"https:\/\/amlabogados.com\/es\/#organization\"},\"potentialAction\":[{\"@type\":\"SearchAction\",\"target\":{\"@type\":\"EntryPoint\",\"urlTemplate\":\"https:\/\/amlabogados.com\/es\/?s={search_term_string}\"},\"query-input\":{\"@type\":\"PropertyValueSpecification\",\"valueRequired\":true,\"valueName\":\"search_term_string\"}}],\"inLanguage\":\"es\"},{\"@type\":\"Organization\",\"@id\":\"https:\/\/amlabogados.com\/es\/#organization\",\"name\":\"AML Abogados Barcelona - Despacho multidisciplinar en Barcelona\",\"url\":\"https:\/\/amlabogados.com\/es\/\",\"logo\":{\"@type\":\"ImageObject\",\"inLanguage\":\"es\",\"@id\":\"https:\/\/amlabogados.com\/es\/#\/schema\/logo\/image\/\",\"url\":\"https:\/\/amlabogados.com\/wp-content\/uploads\/2017\/12\/cropped-largo.jpg\",\"contentUrl\":\"https:\/\/amlabogados.com\/wp-content\/uploads\/2017\/12\/cropped-largo.jpg\",\"width\":500,\"height\":112,\"caption\":\"AML Abogados Barcelona - Despacho multidisciplinar en Barcelona\"},\"image\":{\"@id\":\"https:\/\/amlabogados.com\/es\/#\/schema\/logo\/image\/\"}}]}<\/script>\n<!-- \/ Yoast SEO plugin. -->","yoast_head_json":{"title":"AML Abogados Barcelona - Atenci\u00f3n a litigios de derecho penal","description":"Derecho penal econ\u00f3mico, Delitos contra la administraci\u00f3n, Delitos contra el medio ambiente, Delitos urban\u00edsticos, Delitos contra las personas.","robots":{"index":"index","follow":"follow","max-snippet":"max-snippet:-1","max-image-preview":"max-image-preview:large","max-video-preview":"max-video-preview:-1"},"canonical":"https:\/\/amlabogados.com\/es\/areas-de-trabajo\/criminal-law\/","og_locale":"es_ES","og_type":"article","og_title":"AML Abogados Barcelona - Atenci\u00f3n a litigios de derecho penal","og_description":"Derecho penal econ\u00f3mico, Delitos contra la administraci\u00f3n, Delitos contra el medio ambiente, Delitos urban\u00edsticos, Delitos contra las personas.","og_url":"https:\/\/amlabogados.com\/es\/areas-de-trabajo\/criminal-law\/","og_site_name":"AML Abogados Barcelona - Despacho multidisciplinar en Barcelona","article_modified_time":"2016-11-22T13:32:31+00:00","schema":{"@context":"https:\/\/schema.org","@graph":[{"@type":"WebPage","@id":"https:\/\/amlabogados.com\/es\/areas-de-trabajo\/criminal-law\/","url":"https:\/\/amlabogados.com\/es\/areas-de-trabajo\/criminal-law\/","name":"AML Abogados Barcelona - Atenci\u00f3n a litigios de derecho penal","isPartOf":{"@id":"https:\/\/amlabogados.com\/es\/#website"},"datePublished":"2016-11-14T23:23:04+00:00","dateModified":"2016-11-22T13:32:31+00:00","description":"Derecho penal econ\u00f3mico, Delitos contra la administraci\u00f3n, Delitos contra el medio ambiente, Delitos urban\u00edsticos, Delitos contra las personas.","breadcrumb":{"@id":"https:\/\/amlabogados.com\/es\/areas-de-trabajo\/criminal-law\/#breadcrumb"},"inLanguage":"es","potentialAction":[{"@type":"ReadAction","target":[["https:\/\/amlabogados.com\/es\/areas-de-trabajo\/criminal-law\/"]]}]},{"@type":"BreadcrumbList","@id":"https:\/\/amlabogados.com\/es\/areas-de-trabajo\/criminal-law\/#breadcrumb","itemListElement":[{"@type":"ListItem","position":1,"name":"Portada","item":"https:\/\/amlabogados.com\/es\/"},{"@type":"ListItem","position":2,"name":"\u00c1reas de trabajo","item":"https:\/\/amlabogados.com\/es\/areas-de-trabajo\/"},{"@type":"ListItem","position":3,"name":"Derecho Penal"}]},{"@type":"WebSite","@id":"https:\/\/amlabogados.com\/es\/#website","url":"https:\/\/amlabogados.com\/es\/","name":"AML Abogados Barcelona - Despacho multidisciplinar en Barcelona","description":"Despacho abogados Barcelona","publisher":{"@id":"https:\/\/amlabogados.com\/es\/#organization"},"potentialAction":[{"@type":"SearchAction","target":{"@type":"EntryPoint","urlTemplate":"https:\/\/amlabogados.com\/es\/?s={search_term_string}"},"query-input":{"@type":"PropertyValueSpecification","valueRequired":true,"valueName":"search_term_string"}}],"inLanguage":"es"},{"@type":"Organization","@id":"https:\/\/amlabogados.com\/es\/#organization","name":"AML Abogados Barcelona - Despacho multidisciplinar en Barcelona","url":"https:\/\/amlabogados.com\/es\/","logo":{"@type":"ImageObject","inLanguage":"es","@id":"https:\/\/amlabogados.com\/es\/#\/schema\/logo\/image\/","url":"https:\/\/amlabogados.com\/wp-content\/uploads\/2017\/12\/cropped-largo.jpg","contentUrl":"https:\/\/amlabogados.com\/wp-content\/uploads\/2017\/12\/cropped-largo.jpg","width":500,"height":112,"caption":"AML Abogados Barcelona - Despacho multidisciplinar en Barcelona"},"image":{"@id":"https:\/\/amlabogados.com\/es\/#\/schema\/logo\/image\/"}}]}},"_links":{"self":[{"href":"https:\/\/amlabogados.com\/es\/wp-json\/wp\/v2\/pages\/103","targetHints":{"allow":["GET"]}}],"collection":[{"href":"https:\/\/amlabogados.com\/es\/wp-json\/wp\/v2\/pages"}],"about":[{"href":"https:\/\/amlabogados.com\/es\/wp-json\/wp\/v2\/types\/page"}],"author":[{"embeddable":true,"href":"https:\/\/amlabogados.com\/es\/wp-json\/wp\/v2\/users\/1"}],"replies":[{"embeddable":true,"href":"https:\/\/amlabogados.com\/es\/wp-json\/wp\/v2\/comments?post=103"}],"version-history":[{"count":5,"href":"https:\/\/amlabogados.com\/es\/wp-json\/wp\/v2\/pages\/103\/revisions"}],"predecessor-version":[{"id":240,"href":"https:\/\/amlabogados.com\/es\/wp-json\/wp\/v2\/pages\/103\/revisions\/240"}],"up":[{"embeddable":true,"href":"https:\/\/amlabogados.com\/es\/wp-json\/wp\/v2\/pages\/13"}],"wp:attachment":[{"href":"https:\/\/amlabogados.com\/es\/wp-json\/wp\/v2\/media?parent=103"}],"curies":[{"name":"wp","href":"https:\/\/api.w.org\/{rel}","templated":true}]}}