{"id":100,"date":"2016-11-14T23:22:56","date_gmt":"2016-11-14T23:22:56","guid":{"rendered":"http:\/\/amlabogados.com\/?page_id=100"},"modified":"2017-10-19T18:01:23","modified_gmt":"2017-10-19T16:01:23","slug":"derecho-civil","status":"publish","type":"page","link":"https:\/\/amlabogados.com\/es\/areas-de-trabajo\/derecho-civil\/","title":{"rendered":"Derecho Civil\/Mercantil"},"content":{"rendered":"<p><\/p>\n<h3>\u00b7 \u00a0 \u00a0 \u00a0 \u00a0\u00a0Consumidores y usuarios<\/h3>\n<p style=\"font-weight: inherit;\">Reclamaciones a\u00e9reas.<\/p>\n<p style=\"font-weight: inherit;\">Responsabilidad por los da\u00f1os causados por productos defectuosos.<\/p>\n<p>&nbsp;<\/p>\n<h3>\u00b7\u00a0\u00a0\u00a0\u00a0\u00a0\u00a0\u00a0\u00a0 Inmobiliario<\/h3>\n<p>Contratos de arrendamiento de vivienda, locales de negocio, de temporada y fincas r\u00fasticas, reclamaci\u00f3n y actualizaci\u00f3n de rentas.<\/p>\n<p>Recuperaci\u00f3n de la posesi\u00f3n.<\/p>\n<p><a href=\"http:\/\/amlabogados.com\/areas-de-trabajo\/derecho-civil\/desahucio-abogados\">Desahucios<\/a><\/p>\n<p>Compraventa<\/p>\n<p>Permuta de fincas.<br \/>\nArras, opciones de compra, compromisos de compraventa.<br \/>\nContratos y responsabilidad de los agentes de la construcci\u00f3n.<br \/>\nComunidad de propietarios.<\/p>\n<p>&nbsp;<\/p>\n<h3>\u00b7\u00a0\u00a0\u00a0\u00a0\u00a0\u00a0\u00a0\u00a0 Familia<\/h3>\n<p style=\"font-weight: inherit;\">Nulidad, separaci\u00f3n y divorcios.<\/p>\n<p style=\"font-weight: inherit;\">R\u00e9gimen visitas de hijos.<\/p>\n<p style=\"font-weight: inherit;\">Herencias<\/p>\n<p>&nbsp;<\/p>\n<h3>\u00b7\u00a0\u00a0\u00a0\u00a0\u00a0\u00a0\u00a0\u00a0 Contrataci\u00f3n<\/h3>\n<p>Revisi\u00f3n, redacci\u00f3n y estudio de cualquier tipo de contrato (agencia, distribuci\u00f3n, etc).<\/p>\n<p>&nbsp;<\/p>","protected":false},"excerpt":{"rendered":"<p>\u00b7 \u00a0 \u00a0 \u00a0 \u00a0\u00a0Consumidores y usuarios Reclamaciones a\u00e9reas. Responsabilidad por los da\u00f1os causados por productos defectuosos. &nbsp; \u00b7\u00a0\u00a0\u00a0\u00a0\u00a0\u00a0\u00a0\u00a0 Inmobiliario Contratos de arrendamiento de vivienda, locales de negocio, de temporada y fincas r\u00fasticas, reclamaci\u00f3n y actualizaci\u00f3n de rentas. Recuperaci\u00f3n de la posesi\u00f3n. Desahucios Compraventa Permuta de fincas. Arras, opciones de compra, compromisos de compraventa. Contratos &#8230; <a title=\"Derecho Civil\/Mercantil\" class=\"read-more\" href=\"https:\/\/amlabogados.com\/es\/areas-de-trabajo\/derecho-civil\/\" aria-label=\"Leer m\u00e1s sobre Derecho Civil\/Mercantil\">Leer m\u00e1s<\/a><\/p>\n","protected":false},"author":1,"featured_media":0,"parent":13,"menu_order":0,"comment_status":"closed","ping_status":"closed","template":"","meta":{"footnotes":""},"class_list":["post-100","page","type-page","status-publish"],"yoast_head":"<!-- This site is optimized with the Yoast SEO plugin v26.5 - https:\/\/yoast.com\/wordpress\/plugins\/seo\/ -->\n<title>AML Abogados Barcelona - Derecho Civil y Mercantil<\/title>\n<meta name=\"description\" content=\"AML Abogados trabaja en las distintas materias que comprenden el derecho civil y mercantil dando soluciones eficaces a problemas legales complejos.\" \/>\n<meta name=\"robots\" content=\"index, follow, max-snippet:-1, max-image-preview:large, max-video-preview:-1\" \/>\n<link rel=\"canonical\" href=\"https:\/\/amlabogados.com\/es\/areas-de-trabajo\/derecho-civil\/\" \/>\n<meta property=\"og:locale\" content=\"es_ES\" \/>\n<meta property=\"og:type\" content=\"article\" \/>\n<meta property=\"og:title\" content=\"AML Abogados Barcelona - Derecho Civil y Mercantil\" \/>\n<meta property=\"og:description\" content=\"AML Abogados trabaja en las distintas materias que comprenden el derecho civil y mercantil dando soluciones eficaces a problemas legales complejos.\" \/>\n<meta property=\"og:url\" content=\"https:\/\/amlabogados.com\/es\/areas-de-trabajo\/derecho-civil\/\" \/>\n<meta property=\"og:site_name\" content=\"AML Abogados Barcelona - Despacho multidisciplinar en Barcelona\" \/>\n<meta property=\"article:modified_time\" content=\"2017-10-19T16:01:23+00:00\" \/>\n<meta name=\"twitter:label1\" content=\"Tiempo de lectura\" \/>\n\t<meta name=\"twitter:data1\" content=\"1 minuto\" \/>\n<script type=\"application\/ld+json\" class=\"yoast-schema-graph\">{\"@context\":\"https:\/\/schema.org\",\"@graph\":[{\"@type\":\"WebPage\",\"@id\":\"https:\/\/amlabogados.com\/es\/areas-de-trabajo\/derecho-civil\/\",\"url\":\"https:\/\/amlabogados.com\/es\/areas-de-trabajo\/derecho-civil\/\",\"name\":\"AML Abogados Barcelona - Derecho Civil y Mercantil\",\"isPartOf\":{\"@id\":\"https:\/\/amlabogados.com\/es\/#website\"},\"datePublished\":\"2016-11-14T23:22:56+00:00\",\"dateModified\":\"2017-10-19T16:01:23+00:00\",\"description\":\"AML Abogados trabaja en las distintas materias que comprenden el derecho civil y mercantil dando soluciones eficaces a problemas legales complejos.\",\"breadcrumb\":{\"@id\":\"https:\/\/amlabogados.com\/es\/areas-de-trabajo\/derecho-civil\/#breadcrumb\"},\"inLanguage\":\"es\",\"potentialAction\":[{\"@type\":\"ReadAction\",\"target\":[[\"https:\/\/amlabogados.com\/es\/areas-de-trabajo\/derecho-civil\/\"]]}]},{\"@type\":\"BreadcrumbList\",\"@id\":\"https:\/\/amlabogados.com\/es\/areas-de-trabajo\/derecho-civil\/#breadcrumb\",\"itemListElement\":[{\"@type\":\"ListItem\",\"position\":1,\"name\":\"Portada\",\"item\":\"https:\/\/amlabogados.com\/es\/\"},{\"@type\":\"ListItem\",\"position\":2,\"name\":\"\u00c1reas de trabajo\",\"item\":\"https:\/\/amlabogados.com\/es\/areas-de-trabajo\/\"},{\"@type\":\"ListItem\",\"position\":3,\"name\":\"Derecho Civil\/Mercantil\"}]},{\"@type\":\"WebSite\",\"@id\":\"https:\/\/amlabogados.com\/es\/#website\",\"url\":\"https:\/\/amlabogados.com\/es\/\",\"name\":\"AML Abogados Barcelona - Despacho multidisciplinar en Barcelona\",\"description\":\"Despacho abogados Barcelona\",\"publisher\":{\"@id\":\"https:\/\/amlabogados.com\/es\/#organization\"},\"potentialAction\":[{\"@type\":\"SearchAction\",\"target\":{\"@type\":\"EntryPoint\",\"urlTemplate\":\"https:\/\/amlabogados.com\/es\/?s={search_term_string}\"},\"query-input\":{\"@type\":\"PropertyValueSpecification\",\"valueRequired\":true,\"valueName\":\"search_term_string\"}}],\"inLanguage\":\"es\"},{\"@type\":\"Organization\",\"@id\":\"https:\/\/amlabogados.com\/es\/#organization\",\"name\":\"AML Abogados Barcelona - Despacho multidisciplinar en Barcelona\",\"url\":\"https:\/\/amlabogados.com\/es\/\",\"logo\":{\"@type\":\"ImageObject\",\"inLanguage\":\"es\",\"@id\":\"https:\/\/amlabogados.com\/es\/#\/schema\/logo\/image\/\",\"url\":\"https:\/\/amlabogados.com\/wp-content\/uploads\/2017\/12\/cropped-largo.jpg\",\"contentUrl\":\"https:\/\/amlabogados.com\/wp-content\/uploads\/2017\/12\/cropped-largo.jpg\",\"width\":500,\"height\":112,\"caption\":\"AML Abogados Barcelona - Despacho multidisciplinar en Barcelona\"},\"image\":{\"@id\":\"https:\/\/amlabogados.com\/es\/#\/schema\/logo\/image\/\"}}]}<\/script>\n<!-- \/ Yoast SEO plugin. -->","yoast_head_json":{"title":"AML Abogados Barcelona - Derecho Civil y Mercantil","description":"AML Abogados trabaja en las distintas materias que comprenden el derecho civil y mercantil dando soluciones eficaces a problemas legales complejos.","robots":{"index":"index","follow":"follow","max-snippet":"max-snippet:-1","max-image-preview":"max-image-preview:large","max-video-preview":"max-video-preview:-1"},"canonical":"https:\/\/amlabogados.com\/es\/areas-de-trabajo\/derecho-civil\/","og_locale":"es_ES","og_type":"article","og_title":"AML Abogados Barcelona - Derecho Civil y Mercantil","og_description":"AML Abogados trabaja en las distintas materias que comprenden el derecho civil y mercantil dando soluciones eficaces a problemas legales complejos.","og_url":"https:\/\/amlabogados.com\/es\/areas-de-trabajo\/derecho-civil\/","og_site_name":"AML Abogados Barcelona - Despacho multidisciplinar en Barcelona","article_modified_time":"2017-10-19T16:01:23+00:00","twitter_misc":{"Tiempo de lectura":"1 minuto"},"schema":{"@context":"https:\/\/schema.org","@graph":[{"@type":"WebPage","@id":"https:\/\/amlabogados.com\/es\/areas-de-trabajo\/derecho-civil\/","url":"https:\/\/amlabogados.com\/es\/areas-de-trabajo\/derecho-civil\/","name":"AML Abogados Barcelona - Derecho Civil y Mercantil","isPartOf":{"@id":"https:\/\/amlabogados.com\/es\/#website"},"datePublished":"2016-11-14T23:22:56+00:00","dateModified":"2017-10-19T16:01:23+00:00","description":"AML Abogados trabaja en las distintas materias que comprenden el derecho civil y mercantil dando soluciones eficaces a problemas legales complejos.","breadcrumb":{"@id":"https:\/\/amlabogados.com\/es\/areas-de-trabajo\/derecho-civil\/#breadcrumb"},"inLanguage":"es","potentialAction":[{"@type":"ReadAction","target":[["https:\/\/amlabogados.com\/es\/areas-de-trabajo\/derecho-civil\/"]]}]},{"@type":"BreadcrumbList","@id":"https:\/\/amlabogados.com\/es\/areas-de-trabajo\/derecho-civil\/#breadcrumb","itemListElement":[{"@type":"ListItem","position":1,"name":"Portada","item":"https:\/\/amlabogados.com\/es\/"},{"@type":"ListItem","position":2,"name":"\u00c1reas de trabajo","item":"https:\/\/amlabogados.com\/es\/areas-de-trabajo\/"},{"@type":"ListItem","position":3,"name":"Derecho Civil\/Mercantil"}]},{"@type":"WebSite","@id":"https:\/\/amlabogados.com\/es\/#website","url":"https:\/\/amlabogados.com\/es\/","name":"AML Abogados Barcelona - Despacho multidisciplinar en Barcelona","description":"Despacho abogados Barcelona","publisher":{"@id":"https:\/\/amlabogados.com\/es\/#organization"},"potentialAction":[{"@type":"SearchAction","target":{"@type":"EntryPoint","urlTemplate":"https:\/\/amlabogados.com\/es\/?s={search_term_string}"},"query-input":{"@type":"PropertyValueSpecification","valueRequired":true,"valueName":"search_term_string"}}],"inLanguage":"es"},{"@type":"Organization","@id":"https:\/\/amlabogados.com\/es\/#organization","name":"AML Abogados Barcelona - Despacho multidisciplinar en Barcelona","url":"https:\/\/amlabogados.com\/es\/","logo":{"@type":"ImageObject","inLanguage":"es","@id":"https:\/\/amlabogados.com\/es\/#\/schema\/logo\/image\/","url":"https:\/\/amlabogados.com\/wp-content\/uploads\/2017\/12\/cropped-largo.jpg","contentUrl":"https:\/\/amlabogados.com\/wp-content\/uploads\/2017\/12\/cropped-largo.jpg","width":500,"height":112,"caption":"AML Abogados Barcelona - Despacho multidisciplinar en Barcelona"},"image":{"@id":"https:\/\/amlabogados.com\/es\/#\/schema\/logo\/image\/"}}]}},"_links":{"self":[{"href":"https:\/\/amlabogados.com\/es\/wp-json\/wp\/v2\/pages\/100","targetHints":{"allow":["GET"]}}],"collection":[{"href":"https:\/\/amlabogados.com\/es\/wp-json\/wp\/v2\/pages"}],"about":[{"href":"https:\/\/amlabogados.com\/es\/wp-json\/wp\/v2\/types\/page"}],"author":[{"embeddable":true,"href":"https:\/\/amlabogados.com\/es\/wp-json\/wp\/v2\/users\/1"}],"replies":[{"embeddable":true,"href":"https:\/\/amlabogados.com\/es\/wp-json\/wp\/v2\/comments?post=100"}],"version-history":[{"count":20,"href":"https:\/\/amlabogados.com\/es\/wp-json\/wp\/v2\/pages\/100\/revisions"}],"predecessor-version":[{"id":355,"href":"https:\/\/amlabogados.com\/es\/wp-json\/wp\/v2\/pages\/100\/revisions\/355"}],"up":[{"embeddable":true,"href":"https:\/\/amlabogados.com\/es\/wp-json\/wp\/v2\/pages\/13"}],"wp:attachment":[{"href":"https:\/\/amlabogados.com\/es\/wp-json\/wp\/v2\/media?parent=100"}],"curies":[{"name":"wp","href":"https:\/\/api.w.org\/{rel}","templated":true}]}}