{"id":13,"date":"2015-03-02T16:48:36","date_gmt":"2015-03-02T16:48:36","guid":{"rendered":"http:\/\/amlabogados.com\/?page_id=13"},"modified":"2016-11-28T13:16:04","modified_gmt":"2016-11-28T12:16:04","slug":"areas-de-trabajo","status":"publish","type":"page","link":"https:\/\/amlabogados.com\/en\/areas-de-trabajo\/","title":{"rendered":"Work areas"},"content":{"rendered":"<p>The team is composed of a multidisciplinary team of professionals who cover almost all areas of law, with continuous legal training, language knowledge, and absolute\u00a0dedication\u00a0to our clients.<\/p>\n<p style=\"padding-left: 30px;\">WORK AREAS:<\/p>\n<ul>\n<li style=\"padding-left: 30px;\"><a href=\"http:\/\/amlabogados.com\/?page_id=100\">Civil\/Commertial Law<\/a><\/li>\n<li style=\"padding-left: 30px;\"><a href=\"http:\/\/amlabogados.com\/?page_id=103\">Criminal Law<\/a><\/li>\n<li style=\"padding-left: 30px;\"><a href=\"http:\/\/amlabogados.com\/?page_id=111\">Administrative Law<\/a><\/li>\n<li style=\"padding-left: 30px;\"><a href=\"http:\/\/amlabogados.com\/?page_id=108\">Homeowners management<\/a><\/li>\n<li style=\"padding-left: 30px;\">Private international Law<\/li>\n<\/ul>\n<p>&nbsp;<\/p>","protected":false},"excerpt":{"rendered":"<p>Realizo un servicio completo de analisis de empresas, desde la gesti\u00f3n de riesgos hasta la organizaci\u00f3n de la producci\u00f3n. Adaptado a sus necesidades.<\/p>\n","protected":false},"author":1,"featured_media":0,"parent":0,"menu_order":0,"comment_status":"closed","ping_status":"closed","template":"","meta":{"footnotes":""},"class_list":["post-13","page","type-page","status-publish"],"yoast_head":"<!-- This site is optimized with the Yoast SEO plugin v26.5 - https:\/\/yoast.com\/wordpress\/plugins\/seo\/ -->\n<title>Work areas - (Civil\/Commertial, Criminal Law and Administrative Law)<\/title>\n<meta name=\"description\" content=\"Permanent attention to matters preventing contingencies and giving effective legal solutions to our clients at all areas.\" \/>\n<meta name=\"robots\" content=\"index, follow, max-snippet:-1, max-image-preview:large, max-video-preview:-1\" \/>\n<link rel=\"canonical\" href=\"https:\/\/amlabogados.com\/en\/areas-de-trabajo\/\" \/>\n<meta property=\"og:locale\" content=\"en_US\" \/>\n<meta property=\"og:type\" content=\"article\" \/>\n<meta property=\"og:title\" content=\"Work areas - (Civil\/Commertial, Criminal Law and Administrative Law)\" \/>\n<meta property=\"og:description\" content=\"Permanent attention to matters preventing contingencies and giving effective legal solutions to our clients at all areas.\" \/>\n<meta property=\"og:url\" content=\"https:\/\/amlabogados.com\/en\/areas-de-trabajo\/\" \/>\n<meta property=\"og:site_name\" content=\"AML Abogados - Law Office Barcelona\" \/>\n<meta property=\"article:modified_time\" content=\"2016-11-28T12:16:04+00:00\" \/>\n<meta name=\"twitter:label1\" content=\"Est. reading time\" \/>\n\t<meta name=\"twitter:data1\" content=\"1 minute\" \/>\n<script type=\"application\/ld+json\" class=\"yoast-schema-graph\">{\"@context\":\"https:\/\/schema.org\",\"@graph\":[{\"@type\":\"WebPage\",\"@id\":\"https:\/\/amlabogados.com\/en\/areas-de-trabajo\/\",\"url\":\"https:\/\/amlabogados.com\/en\/areas-de-trabajo\/\",\"name\":\"Work areas - (Civil\/Commertial, Criminal Law and Administrative Law)\",\"isPartOf\":{\"@id\":\"https:\/\/amlabogados.com\/en\/#website\"},\"datePublished\":\"2015-03-02T16:48:36+00:00\",\"dateModified\":\"2016-11-28T12:16:04+00:00\",\"description\":\"Permanent attention to matters preventing contingencies and giving effective legal solutions to our clients at all areas.\",\"breadcrumb\":{\"@id\":\"https:\/\/amlabogados.com\/en\/areas-de-trabajo\/#breadcrumb\"},\"inLanguage\":\"en-US\",\"potentialAction\":[{\"@type\":\"ReadAction\",\"target\":[[\"https:\/\/amlabogados.com\/en\/areas-de-trabajo\/\"]]}]},{\"@type\":\"BreadcrumbList\",\"@id\":\"https:\/\/amlabogados.com\/en\/areas-de-trabajo\/#breadcrumb\",\"itemListElement\":[{\"@type\":\"ListItem\",\"position\":1,\"name\":\"Portada\",\"item\":\"https:\/\/amlabogados.com\/en\/\"},{\"@type\":\"ListItem\",\"position\":2,\"name\":\"\u00c1reas de trabajo\"}]},{\"@type\":\"WebSite\",\"@id\":\"https:\/\/amlabogados.com\/en\/#website\",\"url\":\"https:\/\/amlabogados.com\/en\/\",\"name\":\"AML Abogados - Law Office Barcelona\",\"description\":\"&lt;!\u2013Despacho multidisciplinar de abogados\u2013&gt;\",\"publisher\":{\"@id\":\"https:\/\/amlabogados.com\/en\/#organization\"},\"potentialAction\":[{\"@type\":\"SearchAction\",\"target\":{\"@type\":\"EntryPoint\",\"urlTemplate\":\"https:\/\/amlabogados.com\/en\/?s={search_term_string}\"},\"query-input\":{\"@type\":\"PropertyValueSpecification\",\"valueRequired\":true,\"valueName\":\"search_term_string\"}}],\"inLanguage\":\"en-US\"},{\"@type\":\"Organization\",\"@id\":\"https:\/\/amlabogados.com\/en\/#organization\",\"name\":\"AML Abogados - Law Office Barcelona\",\"url\":\"https:\/\/amlabogados.com\/en\/\",\"logo\":{\"@type\":\"ImageObject\",\"inLanguage\":\"en-US\",\"@id\":\"https:\/\/amlabogados.com\/en\/#\/schema\/logo\/image\/\",\"url\":\"https:\/\/amlabogados.com\/wp-content\/uploads\/2017\/12\/cropped-largo.jpg\",\"contentUrl\":\"https:\/\/amlabogados.com\/wp-content\/uploads\/2017\/12\/cropped-largo.jpg\",\"width\":500,\"height\":112,\"caption\":\"AML Abogados - Law Office Barcelona\"},\"image\":{\"@id\":\"https:\/\/amlabogados.com\/en\/#\/schema\/logo\/image\/\"}}]}<\/script>\n<!-- \/ Yoast SEO plugin. -->","yoast_head_json":{"title":"Work areas - (Civil\/Commertial, Criminal Law and Administrative Law)","description":"Permanent attention to matters preventing contingencies and giving effective legal solutions to our clients at all areas.","robots":{"index":"index","follow":"follow","max-snippet":"max-snippet:-1","max-image-preview":"max-image-preview:large","max-video-preview":"max-video-preview:-1"},"canonical":"https:\/\/amlabogados.com\/en\/areas-de-trabajo\/","og_locale":"en_US","og_type":"article","og_title":"Work areas - (Civil\/Commertial, Criminal Law and Administrative Law)","og_description":"Permanent attention to matters preventing contingencies and giving effective legal solutions to our clients at all areas.","og_url":"https:\/\/amlabogados.com\/en\/areas-de-trabajo\/","og_site_name":"AML Abogados - Law Office Barcelona","article_modified_time":"2016-11-28T12:16:04+00:00","twitter_misc":{"Est. reading time":"1 minute"},"schema":{"@context":"https:\/\/schema.org","@graph":[{"@type":"WebPage","@id":"https:\/\/amlabogados.com\/en\/areas-de-trabajo\/","url":"https:\/\/amlabogados.com\/en\/areas-de-trabajo\/","name":"Work areas - (Civil\/Commertial, Criminal Law and Administrative Law)","isPartOf":{"@id":"https:\/\/amlabogados.com\/en\/#website"},"datePublished":"2015-03-02T16:48:36+00:00","dateModified":"2016-11-28T12:16:04+00:00","description":"Permanent attention to matters preventing contingencies and giving effective legal solutions to our clients at all areas.","breadcrumb":{"@id":"https:\/\/amlabogados.com\/en\/areas-de-trabajo\/#breadcrumb"},"inLanguage":"en-US","potentialAction":[{"@type":"ReadAction","target":[["https:\/\/amlabogados.com\/en\/areas-de-trabajo\/"]]}]},{"@type":"BreadcrumbList","@id":"https:\/\/amlabogados.com\/en\/areas-de-trabajo\/#breadcrumb","itemListElement":[{"@type":"ListItem","position":1,"name":"Portada","item":"https:\/\/amlabogados.com\/en\/"},{"@type":"ListItem","position":2,"name":"\u00c1reas de trabajo"}]},{"@type":"WebSite","@id":"https:\/\/amlabogados.com\/en\/#website","url":"https:\/\/amlabogados.com\/en\/","name":"AML Abogados - Law Office Barcelona","description":"&lt;!\u2013Despacho multidisciplinar de abogados\u2013&gt;","publisher":{"@id":"https:\/\/amlabogados.com\/en\/#organization"},"potentialAction":[{"@type":"SearchAction","target":{"@type":"EntryPoint","urlTemplate":"https:\/\/amlabogados.com\/en\/?s={search_term_string}"},"query-input":{"@type":"PropertyValueSpecification","valueRequired":true,"valueName":"search_term_string"}}],"inLanguage":"en-US"},{"@type":"Organization","@id":"https:\/\/amlabogados.com\/en\/#organization","name":"AML Abogados - Law Office Barcelona","url":"https:\/\/amlabogados.com\/en\/","logo":{"@type":"ImageObject","inLanguage":"en-US","@id":"https:\/\/amlabogados.com\/en\/#\/schema\/logo\/image\/","url":"https:\/\/amlabogados.com\/wp-content\/uploads\/2017\/12\/cropped-largo.jpg","contentUrl":"https:\/\/amlabogados.com\/wp-content\/uploads\/2017\/12\/cropped-largo.jpg","width":500,"height":112,"caption":"AML Abogados - Law Office Barcelona"},"image":{"@id":"https:\/\/amlabogados.com\/en\/#\/schema\/logo\/image\/"}}]}},"_links":{"self":[{"href":"https:\/\/amlabogados.com\/en\/wp-json\/wp\/v2\/pages\/13","targetHints":{"allow":["GET"]}}],"collection":[{"href":"https:\/\/amlabogados.com\/en\/wp-json\/wp\/v2\/pages"}],"about":[{"href":"https:\/\/amlabogados.com\/en\/wp-json\/wp\/v2\/types\/page"}],"author":[{"embeddable":true,"href":"https:\/\/amlabogados.com\/en\/wp-json\/wp\/v2\/users\/1"}],"replies":[{"embeddable":true,"href":"https:\/\/amlabogados.com\/en\/wp-json\/wp\/v2\/comments?post=13"}],"version-history":[{"count":10,"href":"https:\/\/amlabogados.com\/en\/wp-json\/wp\/v2\/pages\/13\/revisions"}],"predecessor-version":[{"id":253,"href":"https:\/\/amlabogados.com\/en\/wp-json\/wp\/v2\/pages\/13\/revisions\/253"}],"wp:attachment":[{"href":"https:\/\/amlabogados.com\/en\/wp-json\/wp\/v2\/media?parent=13"}],"curies":[{"name":"wp","href":"https:\/\/api.w.org\/{rel}","templated":true}]}}