{"id":11,"date":"2015-03-02T16:47:13","date_gmt":"2015-03-02T16:47:13","guid":{"rendered":"http:\/\/amlabogados.com\/?page_id=11"},"modified":"2025-12-09T19:23:44","modified_gmt":"2025-12-09T18:23:44","slug":"nuestro-equipo-barcelona","status":"publish","type":"page","link":"https:\/\/amlabogados.com\/en\/nuestro-equipo-barcelona\/","title":{"rendered":"Our legal team"},"content":{"rendered":"<p><img loading=\"lazy\" decoding=\"async\" class=\"wp-image-88 aligncenter\" src=\"https:\/\/amlabogados.com\/wp-content\/uploads\/2020\/06\/ciutat-de-la-justicia-barce.jpg\" alt=\"fondo\" width=\"708\" height=\"262\" \/><\/p>\n<p><strong>AML Abogados<\/strong> is composed by lawyers\u00a0offering a quality service in the different branches of Law in\u00a0Barcelona.<\/p>\n<p>The team is composed of a multidisciplinary team of professionals who cover almost all areas of law, with continuous legal training, languages knowledge, and absolute dedication to our clients.<\/p>\n<table style=\"height: 1207px;\" width=\"892\">\n<tbody>\n<tr>\n<td><img loading=\"lazy\" decoding=\"async\" class=\"wp-image-263 aligncenter\" src=\"https:\/\/amlabogados.com\/wp-content\/uploads\/2015\/03\/carla.jpg\" alt=\"Abogada AML Abogados Barcelona\" width=\"106\" height=\"147\" srcset=\"https:\/\/amlabogados.com\/wp-content\/uploads\/2015\/03\/carla.jpg 236w, https:\/\/amlabogados.com\/wp-content\/uploads\/2015\/03\/carla-217x300.jpg 217w\" sizes=\"auto, (max-width: 106px) 100vw, 106px\" \/><\/td>\n<td><strong>Carla Tortajada de la Prida<\/strong>Law degree from the Faculty of Law (University of Barcelona)<\/p>\n<p>Collegiate attorney\u00a0(Barcelona Bar Association).<\/p>\n<p>&nbsp;<\/td>\n<\/tr>\n<tr>\n<td><img loading=\"lazy\" decoding=\"async\" class=\"size-full wp-image-362 aligncenter\" src=\"https:\/\/amlabogados.com\/wp-content\/uploads\/2015\/03\/angel.jpg\" alt=\"abogado angel barcelona\" width=\"106\" height=\"147\" \/><\/td>\n<td><strong>\u00c1ngel Matamoros L\u00f3pez<\/strong>Law degree from the Faculty of Law (University of Barcelona)<\/p>\n<p>Juris Doctor (University of Puerto Rico, USA)<\/p>\n<p>Master in Internacional Relations (Diplomatic School of Spain)<\/p>\n<p>Collegiate attorney\u00a0(Barcelona Bar Association).<\/td>\n<\/tr>\n<tr>\n<td><img loading=\"lazy\" decoding=\"async\" class=\"wp-image-268 aligncenter\" src=\"https:\/\/amlabogados.com\/wp-content\/uploads\/2015\/03\/meri.jpg\" alt=\"meri\" width=\"107\" height=\"134\" srcset=\"https:\/\/amlabogados.com\/wp-content\/uploads\/2015\/03\/meri.jpg 355w, https:\/\/amlabogados.com\/wp-content\/uploads\/2015\/03\/meri-239x300.jpg 239w\" sizes=\"auto, (max-width: 107px) 100vw, 107px\" \/><\/td>\n<td><strong>Meritxell Cabez\u00f3n Arbat<\/strong>Law degree from the Faculty of Law (University of Barcelona)<\/p>\n<p>Master\u00b4s in Tax Consultancy.<\/p>\n<p>Collegiate attorney\u00a0(Barcelona Bar Association).<\/p>\n<p>&nbsp;<\/td>\n<\/tr>\n<tr>\n<td><\/td>\n<td><\/td>\n<\/tr>\n<\/tbody>\n<\/table>\n<p><\/p>","protected":false},"excerpt":{"rendered":"<p>Soy Ana Fern\u00e1ndez. He trabajado en el sector de gesti\u00f3n y asesoramiento de empresas durante los \u00faltimos 15 a\u00f1os. Licenciada en Direcci\u00f3n de Empresas.<\/p>\n","protected":false},"author":1,"featured_media":0,"parent":0,"menu_order":0,"comment_status":"closed","ping_status":"closed","template":"","meta":{"footnotes":""},"class_list":["post-11","page","type-page","status-publish"],"yoast_head":"<!-- This site is optimized with the Yoast SEO plugin v26.5 - https:\/\/yoast.com\/wordpress\/plugins\/seo\/ -->\n<title>Our legal team - Composed by professional lawyers<\/title>\n<meta name=\"description\" content=\"The team is composed of a multidisciplinary team of professionals who cover almost all areas with continuous legal training.\" \/>\n<meta name=\"robots\" content=\"index, follow, max-snippet:-1, max-image-preview:large, max-video-preview:-1\" \/>\n<link rel=\"canonical\" href=\"https:\/\/amlabogados.com\/en\/nuestro-equipo-barcelona\/\" \/>\n<meta property=\"og:locale\" content=\"en_US\" \/>\n<meta property=\"og:type\" content=\"article\" \/>\n<meta property=\"og:title\" content=\"Our legal team - Composed by professional lawyers\" \/>\n<meta property=\"og:description\" content=\"The team is composed of a multidisciplinary team of professionals who cover almost all areas with continuous legal training.\" \/>\n<meta property=\"og:url\" content=\"https:\/\/amlabogados.com\/en\/nuestro-equipo-barcelona\/\" \/>\n<meta property=\"og:site_name\" content=\"AML Abogados - Law Office Barcelona\" \/>\n<meta property=\"article:modified_time\" content=\"2025-12-09T18:23:44+00:00\" \/>\n<meta property=\"og:image\" content=\"https:\/\/amlabogados.com\/wp-content\/uploads\/2015\/03\/Fondo.jpg\" \/>\n\t<meta property=\"og:image:width\" content=\"851\" \/>\n\t<meta property=\"og:image:height\" content=\"315\" \/>\n\t<meta property=\"og:image:type\" content=\"image\/jpeg\" \/>\n<meta name=\"twitter:label1\" content=\"Est. reading time\" \/>\n\t<meta name=\"twitter:data1\" content=\"2 minutes\" \/>\n<script type=\"application\/ld+json\" class=\"yoast-schema-graph\">{\"@context\":\"https:\/\/schema.org\",\"@graph\":[{\"@type\":\"WebPage\",\"@id\":\"https:\/\/amlabogados.com\/en\/nuestro-equipo-barcelona\/\",\"url\":\"https:\/\/amlabogados.com\/en\/nuestro-equipo-barcelona\/\",\"name\":\"Our legal team - Composed by professional lawyers\",\"isPartOf\":{\"@id\":\"https:\/\/amlabogados.com\/en\/#website\"},\"primaryImageOfPage\":{\"@id\":\"https:\/\/amlabogados.com\/en\/nuestro-equipo-barcelona\/#primaryimage\"},\"image\":{\"@id\":\"https:\/\/amlabogados.com\/nuestro-equipo-barcelona\/#primaryimage\"},\"thumbnailUrl\":\"https:\/\/amlabogados.com\/wp-content\/uploads\/2020\/06\/ciutat-de-la-justicia-barce.jpg\",\"datePublished\":\"2015-03-02T16:47:13+00:00\",\"dateModified\":\"2025-12-09T18:23:44+00:00\",\"description\":\"The team is composed of a multidisciplinary team of professionals who cover almost all areas with continuous legal training.\",\"breadcrumb\":{\"@id\":\"https:\/\/amlabogados.com\/en\/nuestro-equipo-barcelona\/#breadcrumb\"},\"inLanguage\":\"en-US\",\"potentialAction\":[{\"@type\":\"ReadAction\",\"target\":[[\"https:\/\/amlabogados.com\/en\/nuestro-equipo-barcelona\/\"]]}]},{\"@type\":\"ImageObject\",\"inLanguage\":\"en-US\",\"@id\":\"https:\/\/amlabogados.com\/en\/nuestro-equipo-barcelona\/#primaryimage\",\"url\":\"https:\/\/amlabogados.com\/wp-content\/uploads\/2020\/06\/ciutat-de-la-justicia-barce.jpg\",\"contentUrl\":\"https:\/\/amlabogados.com\/wp-content\/uploads\/2020\/06\/ciutat-de-la-justicia-barce.jpg\"},{\"@type\":\"BreadcrumbList\",\"@id\":\"https:\/\/amlabogados.com\/en\/nuestro-equipo-barcelona\/#breadcrumb\",\"itemListElement\":[{\"@type\":\"ListItem\",\"position\":1,\"name\":\"Portada\",\"item\":\"https:\/\/amlabogados.com\/en\/\"},{\"@type\":\"ListItem\",\"position\":2,\"name\":\"Nuestro equipo\"}]},{\"@type\":\"WebSite\",\"@id\":\"https:\/\/amlabogados.com\/en\/#website\",\"url\":\"https:\/\/amlabogados.com\/en\/\",\"name\":\"AML Abogados - Law Office Barcelona\",\"description\":\"&lt;!\u2013Despacho multidisciplinar de abogados\u2013&gt;\",\"publisher\":{\"@id\":\"https:\/\/amlabogados.com\/en\/#organization\"},\"potentialAction\":[{\"@type\":\"SearchAction\",\"target\":{\"@type\":\"EntryPoint\",\"urlTemplate\":\"https:\/\/amlabogados.com\/en\/?s={search_term_string}\"},\"query-input\":{\"@type\":\"PropertyValueSpecification\",\"valueRequired\":true,\"valueName\":\"search_term_string\"}}],\"inLanguage\":\"en-US\"},{\"@type\":\"Organization\",\"@id\":\"https:\/\/amlabogados.com\/en\/#organization\",\"name\":\"AML Abogados - Law Office Barcelona\",\"url\":\"https:\/\/amlabogados.com\/en\/\",\"logo\":{\"@type\":\"ImageObject\",\"inLanguage\":\"en-US\",\"@id\":\"https:\/\/amlabogados.com\/en\/#\/schema\/logo\/image\/\",\"url\":\"https:\/\/amlabogados.com\/wp-content\/uploads\/2017\/12\/cropped-largo.jpg\",\"contentUrl\":\"https:\/\/amlabogados.com\/wp-content\/uploads\/2017\/12\/cropped-largo.jpg\",\"width\":500,\"height\":112,\"caption\":\"AML Abogados - Law Office Barcelona\"},\"image\":{\"@id\":\"https:\/\/amlabogados.com\/en\/#\/schema\/logo\/image\/\"}}]}<\/script>\n<!-- \/ Yoast SEO plugin. -->","yoast_head_json":{"title":"Our legal team - Composed by professional lawyers","description":"The team is composed of a multidisciplinary team of professionals who cover almost all areas with continuous legal training.","robots":{"index":"index","follow":"follow","max-snippet":"max-snippet:-1","max-image-preview":"max-image-preview:large","max-video-preview":"max-video-preview:-1"},"canonical":"https:\/\/amlabogados.com\/en\/nuestro-equipo-barcelona\/","og_locale":"en_US","og_type":"article","og_title":"Our legal team - Composed by professional lawyers","og_description":"The team is composed of a multidisciplinary team of professionals who cover almost all areas with continuous legal training.","og_url":"https:\/\/amlabogados.com\/en\/nuestro-equipo-barcelona\/","og_site_name":"AML Abogados - Law Office Barcelona","article_modified_time":"2025-12-09T18:23:44+00:00","og_image":[{"width":851,"height":315,"url":"https:\/\/amlabogados.com\/wp-content\/uploads\/2015\/03\/Fondo.jpg","type":"image\/jpeg"}],"twitter_misc":{"Est. reading time":"2 minutes"},"schema":{"@context":"https:\/\/schema.org","@graph":[{"@type":"WebPage","@id":"https:\/\/amlabogados.com\/en\/nuestro-equipo-barcelona\/","url":"https:\/\/amlabogados.com\/en\/nuestro-equipo-barcelona\/","name":"Our legal team - Composed by professional lawyers","isPartOf":{"@id":"https:\/\/amlabogados.com\/en\/#website"},"primaryImageOfPage":{"@id":"https:\/\/amlabogados.com\/en\/nuestro-equipo-barcelona\/#primaryimage"},"image":{"@id":"https:\/\/amlabogados.com\/nuestro-equipo-barcelona\/#primaryimage"},"thumbnailUrl":"https:\/\/amlabogados.com\/wp-content\/uploads\/2020\/06\/ciutat-de-la-justicia-barce.jpg","datePublished":"2015-03-02T16:47:13+00:00","dateModified":"2025-12-09T18:23:44+00:00","description":"The team is composed of a multidisciplinary team of professionals who cover almost all areas with continuous legal training.","breadcrumb":{"@id":"https:\/\/amlabogados.com\/en\/nuestro-equipo-barcelona\/#breadcrumb"},"inLanguage":"en-US","potentialAction":[{"@type":"ReadAction","target":[["https:\/\/amlabogados.com\/en\/nuestro-equipo-barcelona\/"]]}]},{"@type":"ImageObject","inLanguage":"en-US","@id":"https:\/\/amlabogados.com\/en\/nuestro-equipo-barcelona\/#primaryimage","url":"https:\/\/amlabogados.com\/wp-content\/uploads\/2020\/06\/ciutat-de-la-justicia-barce.jpg","contentUrl":"https:\/\/amlabogados.com\/wp-content\/uploads\/2020\/06\/ciutat-de-la-justicia-barce.jpg"},{"@type":"BreadcrumbList","@id":"https:\/\/amlabogados.com\/en\/nuestro-equipo-barcelona\/#breadcrumb","itemListElement":[{"@type":"ListItem","position":1,"name":"Portada","item":"https:\/\/amlabogados.com\/en\/"},{"@type":"ListItem","position":2,"name":"Nuestro equipo"}]},{"@type":"WebSite","@id":"https:\/\/amlabogados.com\/en\/#website","url":"https:\/\/amlabogados.com\/en\/","name":"AML Abogados - Law Office Barcelona","description":"&lt;!\u2013Despacho multidisciplinar de abogados\u2013&gt;","publisher":{"@id":"https:\/\/amlabogados.com\/en\/#organization"},"potentialAction":[{"@type":"SearchAction","target":{"@type":"EntryPoint","urlTemplate":"https:\/\/amlabogados.com\/en\/?s={search_term_string}"},"query-input":{"@type":"PropertyValueSpecification","valueRequired":true,"valueName":"search_term_string"}}],"inLanguage":"en-US"},{"@type":"Organization","@id":"https:\/\/amlabogados.com\/en\/#organization","name":"AML Abogados - Law Office Barcelona","url":"https:\/\/amlabogados.com\/en\/","logo":{"@type":"ImageObject","inLanguage":"en-US","@id":"https:\/\/amlabogados.com\/en\/#\/schema\/logo\/image\/","url":"https:\/\/amlabogados.com\/wp-content\/uploads\/2017\/12\/cropped-largo.jpg","contentUrl":"https:\/\/amlabogados.com\/wp-content\/uploads\/2017\/12\/cropped-largo.jpg","width":500,"height":112,"caption":"AML Abogados - Law Office Barcelona"},"image":{"@id":"https:\/\/amlabogados.com\/en\/#\/schema\/logo\/image\/"}}]}},"_links":{"self":[{"href":"https:\/\/amlabogados.com\/en\/wp-json\/wp\/v2\/pages\/11","targetHints":{"allow":["GET"]}}],"collection":[{"href":"https:\/\/amlabogados.com\/en\/wp-json\/wp\/v2\/pages"}],"about":[{"href":"https:\/\/amlabogados.com\/en\/wp-json\/wp\/v2\/types\/page"}],"author":[{"embeddable":true,"href":"https:\/\/amlabogados.com\/en\/wp-json\/wp\/v2\/users\/1"}],"replies":[{"embeddable":true,"href":"https:\/\/amlabogados.com\/en\/wp-json\/wp\/v2\/comments?post=11"}],"version-history":[{"count":35,"href":"https:\/\/amlabogados.com\/en\/wp-json\/wp\/v2\/pages\/11\/revisions"}],"predecessor-version":[{"id":386,"href":"https:\/\/amlabogados.com\/en\/wp-json\/wp\/v2\/pages\/11\/revisions\/386"}],"wp:attachment":[{"href":"https:\/\/amlabogados.com\/en\/wp-json\/wp\/v2\/media?parent=11"}],"curies":[{"name":"wp","href":"https:\/\/api.w.org\/{rel}","templated":true}]}}