{"id":335,"date":"2017-06-13T16:56:12","date_gmt":"2017-06-13T14:56:12","guid":{"rendered":"http:\/\/amlabogados.com\/?page_id=335"},"modified":"2017-06-14T18:11:40","modified_gmt":"2017-06-14T16:11:40","slug":"desahucio-abogados","status":"publish","type":"page","link":"https:\/\/amlabogados.com\/ca\/areas-de-trabajo\/derecho-civil\/desahucio-abogados\/","title":{"rendered":"Desahucio Abogados Barcelona"},"content":{"rendered":"<p><\/p>\n<h1 style=\"text-align: center;\"><strong>Ll\u00e1menos hoy al 652 614 826<\/strong><\/h1>\n<h2 style=\"text-align: center;\"><span style=\"color: #ff0000;\">Recuperamos su vivienda o local y las cuant\u00edas debidas por el arrendamiento.<\/span><\/h2>\n<p style=\"text-align: center;\">Ofrecemos un servicio integral y profesional prestado por nuestros abogados expertos en la materia, que estudian personalmente su caso, redactan la reclamaci\u00f3n judicial y contin\u00faan el procedimiento judicial hasta la recuperaci\u00f3n de la posesi\u00f3n de la vivienda.<\/p>\n<p style=\"text-align: center;\">Toda la documentaci\u00f3n que necesitamos para comenzar los tr\u00e1mites la podr\u00e1 enviar a trav\u00e9s de correo postal, fax, o digitalmente a trav\u00e9s del\u00a0email.<\/p>\n<h2 style=\"text-align: center;\">\u00a0<strong>R\u00e1pido y sencillo. \u00bfQu\u00e9 documentaci\u00f3n necesitamos para iniciar el proceso?<\/strong><\/h2>\n<p style=\"text-align: left;\"><strong>La documentaci\u00f3n necesaria para proceder con la demanda de desahucio es la siguiente:<\/strong><\/p>\n<ul class=\"listas\" style=\"text-align: left;\">\n<li>Contrato de arrendamiento.<\/li>\n<li>Fotocopia de t\u00edtulo de propiedad (escrituras de compraventa)<\/li>\n<li>Relaci\u00f3n de impagados: importe y concepto (incluidos gastos devoluci\u00f3n, IBI, comunidad, suministros, etc.)<\/li>\n<li>Recibos impagados: Rentas, suministros, etc.<\/li>\n<li>Notificaciones previas, en su caso.<\/li>\n<\/ul>\n<p style=\"text-align: left;\">En un plazo m\u00e1ximo de 72 horas despu\u00e9s de tener la documentaci\u00f3n completa, interpondremos la demanda de desahucio, con reclamaci\u00f3n de rentas y de costas judiciales contra su inquilino. <strong>Nuestros Honorarios por todo el procedimiento hasta la entrega de llaves ser\u00e1n desde 599\u20ac<\/strong>, incluyendo los Honorarios del Procurador, Abogado y reclamaci\u00f3n de rentas m\u00e1s las\u00a0costas Judiciales al Inquilino.<\/p>\n<p style=\"text-align: center;\">Los Honorarios pueden ser costeados por el inquilino, que ser\u00e1 condenado en costas; esto significa que las cantidades que usted nos ha abonado, se le devolver\u00edan, por lo que <strong>el coste del procedimiento podr\u00eda salirle totalmente gratis<\/strong>.<\/p>\n<h2 style=\"text-align: center;\"><strong>Rellena el siguiente formulario o ll\u00e1menos hoy mismo al 652614826<\/strong><\/h2>\n<p style=\"text-align: center;\">\n<div class=\"wpcf7 no-js\" id=\"wpcf7-f341-o2\" lang=\"es-ES\" dir=\"ltr\" data-wpcf7-id=\"341\">\n<div class=\"screen-reader-response\"><p role=\"status\" aria-live=\"polite\" aria-atomic=\"true\"><\/p> <ul><\/ul><\/div>\n<form action=\"\/ca\/wp-json\/wp\/v2\/pages\/335#wpcf7-f341-o2\" method=\"post\" class=\"wpcf7-form init\" aria-label=\"Formulario de contacto\" novalidate=\"novalidate\" data-status=\"init\">\n<fieldset class=\"hidden-fields-container\"><input type=\"hidden\" name=\"_wpcf7\" value=\"341\" \/><input type=\"hidden\" name=\"_wpcf7_version\" value=\"6.1.4\" \/><input type=\"hidden\" name=\"_wpcf7_locale\" value=\"es_ES\" \/><input type=\"hidden\" name=\"_wpcf7_unit_tag\" value=\"wpcf7-f341-o2\" \/><input type=\"hidden\" name=\"_wpcf7_container_post\" value=\"0\" \/><input type=\"hidden\" name=\"_wpcf7_posted_data_hash\" value=\"\" \/>\n<\/fieldset>\n<div class=\"wpcf7-turnstile cf-turnstile\" data-sitekey=\"0x4AAAAAAB3DAWl_mPMOEnz-\" data-response-field-name=\"_wpcf7_turnstile_response\"><\/div>\n\n<p><label> Nombre<br \/>\n<span class=\"wpcf7-form-control-wrap\" data-name=\"your-name\"><input size=\"40\" maxlength=\"400\" class=\"wpcf7-form-control wpcf7-text wpcf7-validates-as-required\" aria-required=\"true\" aria-invalid=\"false\" value=\"\" type=\"text\" name=\"your-name\" \/><\/span> <\/label>\n<\/p>\n<p><label> N\u00ba de M\u00f3vil<br \/>\n<span class=\"wpcf7-form-control-wrap\" data-name=\"your-phone\"><input size=\"40\" maxlength=\"400\" class=\"wpcf7-form-control wpcf7-text wpcf7-validates-as-required\" aria-required=\"true\" aria-invalid=\"false\" value=\"\" type=\"text\" name=\"your-phone\" \/><\/span> <\/label>\n<\/p>\n<p><label> Tu correo electr\u00f3nico<br \/>\n<span class=\"wpcf7-form-control-wrap\" data-name=\"your-email\"><input size=\"40\" maxlength=\"400\" class=\"wpcf7-form-control wpcf7-email wpcf7-validates-as-required wpcf7-text wpcf7-validates-as-email\" aria-required=\"true\" aria-invalid=\"false\" value=\"\" type=\"email\" name=\"your-email\" \/><\/span> <\/label>\n<\/p>\n<p><label> Asunto<br \/>\n<span class=\"wpcf7-form-control-wrap\" data-name=\"your-subject\"><input size=\"40\" maxlength=\"400\" class=\"wpcf7-form-control wpcf7-text\" aria-invalid=\"false\" value=\"\" type=\"text\" name=\"your-subject\" \/><\/span> <\/label>\n<\/p>\n<p><label> Mensaje<br \/>\n<span class=\"wpcf7-form-control-wrap\" data-name=\"your-message\"><textarea cols=\"40\" rows=\"10\" maxlength=\"2000\" class=\"wpcf7-form-control wpcf7-textarea\" aria-invalid=\"false\" name=\"your-message\"><\/textarea><\/span> <\/label>\n<\/p>\n<p><input class=\"wpcf7-form-control wpcf7-submit has-spinner\" type=\"submit\" value=\"Enviar\" \/>\n<\/p><div class=\"wpcf7-response-output\" aria-hidden=\"true\"><\/div>\n<\/form>\n<\/div>\n<\/p>\n<p><\/p>","protected":false},"excerpt":{"rendered":"<p>Ll\u00e1menos hoy al 652 614 826 Recuperamos su vivienda o local y las cuant\u00edas debidas por el arrendamiento. Ofrecemos un servicio integral y profesional prestado por nuestros abogados expertos en la materia, que estudian personalmente su caso, redactan la reclamaci\u00f3n judicial y contin\u00faan el procedimiento judicial hasta la recuperaci\u00f3n de la posesi\u00f3n de la vivienda. &#8230; <a title=\"Desahucio Abogados Barcelona\" class=\"read-more\" href=\"https:\/\/amlabogados.com\/ca\/areas-de-trabajo\/derecho-civil\/desahucio-abogados\/\" aria-label=\"M\u00e9s informaci\u00f3 sobre Desahucio Abogados Barcelona\">Llegiu m\u00e9s<\/a><\/p>\n","protected":false},"author":1,"featured_media":352,"parent":100,"menu_order":0,"comment_status":"closed","ping_status":"closed","template":"","meta":{"footnotes":""},"class_list":["post-335","page","type-page","status-publish","has-post-thumbnail"],"yoast_head":"<!-- This site is optimized with the Yoast SEO plugin v26.5 - https:\/\/yoast.com\/wordpress\/plugins\/seo\/ -->\n<title>Desahucio abogados - AML Abogados Barcelona<\/title>\n<meta name=\"description\" content=\"Desahucio abogados. Recuperamos su vivienda o local y las cuant\u00edas debida por el arrendamiento. Somos abogados expertos en la materia.\" \/>\n<meta name=\"robots\" content=\"index, follow, max-snippet:-1, max-image-preview:large, max-video-preview:-1\" \/>\n<link rel=\"canonical\" href=\"https:\/\/amlabogados.com\/ca\/areas-de-trabajo\/derecho-civil\/desahucio-abogados\/\" \/>\n<meta property=\"og:locale\" content=\"ca_ES\" \/>\n<meta property=\"og:type\" content=\"article\" \/>\n<meta property=\"og:title\" content=\"Desahucio abogados - AML Abogados Barcelona\" \/>\n<meta property=\"og:description\" content=\"Desahucio abogados. Recuperamos su vivienda o local y las cuant\u00edas debida por el arrendamiento. Somos abogados expertos en la materia.\" \/>\n<meta property=\"og:url\" content=\"https:\/\/amlabogados.com\/ca\/areas-de-trabajo\/derecho-civil\/desahucio-abogados\/\" \/>\n<meta property=\"og:site_name\" content=\"AML Abogados - Law Office Barcelona\" \/>\n<meta property=\"article:modified_time\" content=\"2017-06-14T16:11:40+00:00\" \/>\n<meta property=\"og:image\" content=\"https:\/\/amlabogados.com\/wp-content\/uploads\/2017\/06\/ciutat-de-la-justicia.jpg\" \/>\n\t<meta property=\"og:image:width\" content=\"644\" \/>\n\t<meta property=\"og:image:height\" content=\"312\" \/>\n\t<meta property=\"og:image:type\" content=\"image\/jpeg\" \/>\n<meta name=\"twitter:label1\" content=\"Temps estimat de lectura\" \/>\n\t<meta name=\"twitter:data1\" content=\"3 minuts\" \/>\n<script type=\"application\/ld+json\" class=\"yoast-schema-graph\">{\"@context\":\"https:\/\/schema.org\",\"@graph\":[{\"@type\":\"WebPage\",\"@id\":\"https:\/\/amlabogados.com\/ca\/areas-de-trabajo\/derecho-civil\/desahucio-abogados\/\",\"url\":\"https:\/\/amlabogados.com\/ca\/areas-de-trabajo\/derecho-civil\/desahucio-abogados\/\",\"name\":\"Desahucio abogados - AML Abogados Barcelona\",\"isPartOf\":{\"@id\":\"https:\/\/amlabogados.com\/ca\/#website\"},\"primaryImageOfPage\":{\"@id\":\"https:\/\/amlabogados.com\/ca\/areas-de-trabajo\/derecho-civil\/desahucio-abogados\/#primaryimage\"},\"image\":{\"@id\":\"https:\/\/amlabogados.com\/areas-de-trabajo\/derecho-civil\/desahucio-abogados\/#primaryimage\"},\"thumbnailUrl\":\"https:\/\/amlabogados.com\/wp-content\/uploads\/2017\/06\/ciutat-de-la-justicia.jpg\",\"datePublished\":\"2017-06-13T14:56:12+00:00\",\"dateModified\":\"2017-06-14T16:11:40+00:00\",\"description\":\"Desahucio abogados. Recuperamos su vivienda o local y las cuant\u00edas debida por el arrendamiento. Somos abogados expertos en la materia.\",\"breadcrumb\":{\"@id\":\"https:\/\/amlabogados.com\/ca\/areas-de-trabajo\/derecho-civil\/desahucio-abogados\/#breadcrumb\"},\"inLanguage\":\"ca\",\"potentialAction\":[{\"@type\":\"ReadAction\",\"target\":[[\"https:\/\/amlabogados.com\/ca\/areas-de-trabajo\/derecho-civil\/desahucio-abogados\/\"]]}]},{\"@type\":\"ImageObject\",\"inLanguage\":\"ca\",\"@id\":\"https:\/\/amlabogados.com\/ca\/areas-de-trabajo\/derecho-civil\/desahucio-abogados\/#primaryimage\",\"url\":\"https:\/\/amlabogados.com\/wp-content\/uploads\/2017\/06\/ciutat-de-la-justicia.jpg\",\"contentUrl\":\"https:\/\/amlabogados.com\/wp-content\/uploads\/2017\/06\/ciutat-de-la-justicia.jpg\",\"width\":644,\"height\":312},{\"@type\":\"BreadcrumbList\",\"@id\":\"https:\/\/amlabogados.com\/ca\/areas-de-trabajo\/derecho-civil\/desahucio-abogados\/#breadcrumb\",\"itemListElement\":[{\"@type\":\"ListItem\",\"position\":1,\"name\":\"Portada\",\"item\":\"https:\/\/amlabogados.com\/ca\/\"},{\"@type\":\"ListItem\",\"position\":2,\"name\":\"\u00c1reas de trabajo\",\"item\":\"https:\/\/amlabogados.com\/ca\/areas-de-trabajo\/\"},{\"@type\":\"ListItem\",\"position\":3,\"name\":\"Derecho Civil\/Mercantil\",\"item\":\"https:\/\/amlabogados.com\/ca\/areas-de-trabajo\/derecho-civil\/\"},{\"@type\":\"ListItem\",\"position\":4,\"name\":\"Desahucio Abogados Barcelona\"}]},{\"@type\":\"WebSite\",\"@id\":\"https:\/\/amlabogados.com\/ca\/#website\",\"url\":\"https:\/\/amlabogados.com\/ca\/\",\"name\":\"AML Abogados - Law Office Barcelona\",\"description\":\"&lt;!\u2013Despacho multidisciplinar de abogados\u2013&gt;\",\"publisher\":{\"@id\":\"https:\/\/amlabogados.com\/ca\/#organization\"},\"potentialAction\":[{\"@type\":\"SearchAction\",\"target\":{\"@type\":\"EntryPoint\",\"urlTemplate\":\"https:\/\/amlabogados.com\/ca\/?s={search_term_string}\"},\"query-input\":{\"@type\":\"PropertyValueSpecification\",\"valueRequired\":true,\"valueName\":\"search_term_string\"}}],\"inLanguage\":\"ca\"},{\"@type\":\"Organization\",\"@id\":\"https:\/\/amlabogados.com\/ca\/#organization\",\"name\":\"AML Abogados - Law Office Barcelona\",\"url\":\"https:\/\/amlabogados.com\/ca\/\",\"logo\":{\"@type\":\"ImageObject\",\"inLanguage\":\"ca\",\"@id\":\"https:\/\/amlabogados.com\/ca\/#\/schema\/logo\/image\/\",\"url\":\"https:\/\/amlabogados.com\/wp-content\/uploads\/2017\/12\/cropped-largo.jpg\",\"contentUrl\":\"https:\/\/amlabogados.com\/wp-content\/uploads\/2017\/12\/cropped-largo.jpg\",\"width\":500,\"height\":112,\"caption\":\"AML Abogados - Law Office Barcelona\"},\"image\":{\"@id\":\"https:\/\/amlabogados.com\/ca\/#\/schema\/logo\/image\/\"}}]}<\/script>\n<!-- \/ Yoast SEO plugin. -->","yoast_head_json":{"title":"Desahucio abogados - AML Abogados Barcelona","description":"Desahucio abogados. Recuperamos su vivienda o local y las cuant\u00edas debida por el arrendamiento. Somos abogados expertos en la materia.","robots":{"index":"index","follow":"follow","max-snippet":"max-snippet:-1","max-image-preview":"max-image-preview:large","max-video-preview":"max-video-preview:-1"},"canonical":"https:\/\/amlabogados.com\/ca\/areas-de-trabajo\/derecho-civil\/desahucio-abogados\/","og_locale":"ca_ES","og_type":"article","og_title":"Desahucio abogados - AML Abogados Barcelona","og_description":"Desahucio abogados. Recuperamos su vivienda o local y las cuant\u00edas debida por el arrendamiento. Somos abogados expertos en la materia.","og_url":"https:\/\/amlabogados.com\/ca\/areas-de-trabajo\/derecho-civil\/desahucio-abogados\/","og_site_name":"AML Abogados - Law Office Barcelona","article_modified_time":"2017-06-14T16:11:40+00:00","og_image":[{"width":644,"height":312,"url":"https:\/\/amlabogados.com\/wp-content\/uploads\/2017\/06\/ciutat-de-la-justicia.jpg","type":"image\/jpeg"}],"twitter_misc":{"Temps estimat de lectura":"3 minuts"},"schema":{"@context":"https:\/\/schema.org","@graph":[{"@type":"WebPage","@id":"https:\/\/amlabogados.com\/ca\/areas-de-trabajo\/derecho-civil\/desahucio-abogados\/","url":"https:\/\/amlabogados.com\/ca\/areas-de-trabajo\/derecho-civil\/desahucio-abogados\/","name":"Desahucio abogados - AML Abogados Barcelona","isPartOf":{"@id":"https:\/\/amlabogados.com\/ca\/#website"},"primaryImageOfPage":{"@id":"https:\/\/amlabogados.com\/ca\/areas-de-trabajo\/derecho-civil\/desahucio-abogados\/#primaryimage"},"image":{"@id":"https:\/\/amlabogados.com\/areas-de-trabajo\/derecho-civil\/desahucio-abogados\/#primaryimage"},"thumbnailUrl":"https:\/\/amlabogados.com\/wp-content\/uploads\/2017\/06\/ciutat-de-la-justicia.jpg","datePublished":"2017-06-13T14:56:12+00:00","dateModified":"2017-06-14T16:11:40+00:00","description":"Desahucio abogados. Recuperamos su vivienda o local y las cuant\u00edas debida por el arrendamiento. Somos abogados expertos en la materia.","breadcrumb":{"@id":"https:\/\/amlabogados.com\/ca\/areas-de-trabajo\/derecho-civil\/desahucio-abogados\/#breadcrumb"},"inLanguage":"ca","potentialAction":[{"@type":"ReadAction","target":[["https:\/\/amlabogados.com\/ca\/areas-de-trabajo\/derecho-civil\/desahucio-abogados\/"]]}]},{"@type":"ImageObject","inLanguage":"ca","@id":"https:\/\/amlabogados.com\/ca\/areas-de-trabajo\/derecho-civil\/desahucio-abogados\/#primaryimage","url":"https:\/\/amlabogados.com\/wp-content\/uploads\/2017\/06\/ciutat-de-la-justicia.jpg","contentUrl":"https:\/\/amlabogados.com\/wp-content\/uploads\/2017\/06\/ciutat-de-la-justicia.jpg","width":644,"height":312},{"@type":"BreadcrumbList","@id":"https:\/\/amlabogados.com\/ca\/areas-de-trabajo\/derecho-civil\/desahucio-abogados\/#breadcrumb","itemListElement":[{"@type":"ListItem","position":1,"name":"Portada","item":"https:\/\/amlabogados.com\/ca\/"},{"@type":"ListItem","position":2,"name":"\u00c1reas de trabajo","item":"https:\/\/amlabogados.com\/ca\/areas-de-trabajo\/"},{"@type":"ListItem","position":3,"name":"Derecho Civil\/Mercantil","item":"https:\/\/amlabogados.com\/ca\/areas-de-trabajo\/derecho-civil\/"},{"@type":"ListItem","position":4,"name":"Desahucio Abogados Barcelona"}]},{"@type":"WebSite","@id":"https:\/\/amlabogados.com\/ca\/#website","url":"https:\/\/amlabogados.com\/ca\/","name":"AML Abogados - Law Office Barcelona","description":"&lt;!\u2013Despacho multidisciplinar de abogados\u2013&gt;","publisher":{"@id":"https:\/\/amlabogados.com\/ca\/#organization"},"potentialAction":[{"@type":"SearchAction","target":{"@type":"EntryPoint","urlTemplate":"https:\/\/amlabogados.com\/ca\/?s={search_term_string}"},"query-input":{"@type":"PropertyValueSpecification","valueRequired":true,"valueName":"search_term_string"}}],"inLanguage":"ca"},{"@type":"Organization","@id":"https:\/\/amlabogados.com\/ca\/#organization","name":"AML Abogados - Law Office Barcelona","url":"https:\/\/amlabogados.com\/ca\/","logo":{"@type":"ImageObject","inLanguage":"ca","@id":"https:\/\/amlabogados.com\/ca\/#\/schema\/logo\/image\/","url":"https:\/\/amlabogados.com\/wp-content\/uploads\/2017\/12\/cropped-largo.jpg","contentUrl":"https:\/\/amlabogados.com\/wp-content\/uploads\/2017\/12\/cropped-largo.jpg","width":500,"height":112,"caption":"AML Abogados - Law Office Barcelona"},"image":{"@id":"https:\/\/amlabogados.com\/ca\/#\/schema\/logo\/image\/"}}]}},"_links":{"self":[{"href":"https:\/\/amlabogados.com\/ca\/wp-json\/wp\/v2\/pages\/335","targetHints":{"allow":["GET"]}}],"collection":[{"href":"https:\/\/amlabogados.com\/ca\/wp-json\/wp\/v2\/pages"}],"about":[{"href":"https:\/\/amlabogados.com\/ca\/wp-json\/wp\/v2\/types\/page"}],"author":[{"embeddable":true,"href":"https:\/\/amlabogados.com\/ca\/wp-json\/wp\/v2\/users\/1"}],"replies":[{"embeddable":true,"href":"https:\/\/amlabogados.com\/ca\/wp-json\/wp\/v2\/comments?post=335"}],"version-history":[{"count":14,"href":"https:\/\/amlabogados.com\/ca\/wp-json\/wp\/v2\/pages\/335\/revisions"}],"predecessor-version":[{"id":353,"href":"https:\/\/amlabogados.com\/ca\/wp-json\/wp\/v2\/pages\/335\/revisions\/353"}],"up":[{"embeddable":true,"href":"https:\/\/amlabogados.com\/ca\/wp-json\/wp\/v2\/pages\/100"}],"wp:featuredmedia":[{"embeddable":true,"href":"https:\/\/amlabogados.com\/ca\/wp-json\/wp\/v2\/media\/352"}],"wp:attachment":[{"href":"https:\/\/amlabogados.com\/ca\/wp-json\/wp\/v2\/media?parent=335"}],"curies":[{"name":"wp","href":"https:\/\/api.w.org\/{rel}","templated":true}]}}