{"id":27,"date":"2015-03-02T17:36:23","date_gmt":"2015-03-02T17:36:23","guid":{"rendered":"http:\/\/amlabogados.com\/?page_id=27"},"modified":"2020-10-31T20:35:41","modified_gmt":"2020-10-31T19:35:41","slug":"legal-services","status":"publish","type":"page","link":"https:\/\/amlabogados.com\/ca\/","title":{"rendered":"Qu\u00e8 oferim"},"content":{"rendered":"<p><\/p>\n<h3 style=\"text-align: center;\">\u00a0<strong>Servei personalitzat<\/strong><\/h3>\n<p style=\"text-align: center;\">El nostre servei jur\u00eddic es basa en la confian\u00e7a personal i accessibilitat dels nostres professionals respecte als seus clients. El tracte personal i directe amb el client que es requereix des de l\u00b4inici del proc\u00e9s durant el mateix d\u00b4un determinat assumpte.<\/p>\n<h3 style=\"text-align: center;\"><strong>Servei de qualitat<\/strong><\/h3>\n<p style=\"text-align: center;\">El nostres advocats compten amb una alta qualificaci\u00f3n professional i experi\u00e8ncia legal que garanteix l&#8217;excel\u00b7l\u00e8ncia en els serveis prestats.<\/p>\n<h3 style=\"text-align: center;\"><strong>Servei integral<\/strong><\/h3>\n<p style=\"text-align: center; vertical-align: baseline; margin: 0cm 0cm 19.2pt 0cm;\" align=\"center\">Servei d&#8217;assessorament integral comprenent les necessitats dels nostres clients en la recerca de la consecuci\u00f3 de la millor soluci\u00f3. Atenci\u00f3 permanent dels assumptes prevenint conting\u00e8ncies i donant la millor soluci\u00f3 efica\u00e7\u00a0i econ\u00f2mica.<\/p>\n<p style=\"text-align: center; vertical-align: baseline; margin: 0cm 0cm 19.2pt 0cm;\" align=\"center\"><img loading=\"lazy\" decoding=\"async\" class=\"wp-image-85\" src=\"https:\/\/amlabogados.com\/wp-content\/uploads\/2015\/03\/skyline-barcelona-e1479163111877.jpg\" alt=\"skyline-barcelona\" width=\"539\" height=\"258\" \/><\/p>\n<p style=\"text-align: center;\"><strong>SEU: C\/C\u00c0CERES 28, LOCAL, 08028 &#8211; SANTS &#8211; BARCELONA <\/strong><\/p>\n<h3 style=\"text-align: center; vertical-align: baseline; margin: 0cm 0cm 19.2pt 0cm;\" align=\"center\"><strong>(A 4 minuts caminant des de Pla\u00e7a de Sants\/Badal L\u00ednea 5\u00a0de metro y Mercat Nou L\u00ednea 1)<\/strong><\/h3>\n<p><center><iframe loading=\"lazy\" style=\"border: 0;\" src=\"https:\/\/www.google.com\/maps\/embed?pb=!1m18!1m12!1m3!1d2993.9926602715327!2d2.1290461393526856!3d41.37424418649448!2m3!1f0!2f0!3f0!3m2!1i1024!2i768!4f13.1!3m3!1m2!1s0x12a4988eeef6411b%3A0xeed9525d6accfefe!2sCarrer+de+C%C3%A0ceres%2C+28%2C+08028+Barcelona!5e0!3m2!1ses!2ses!4v1479168481592\" width=\"600\" height=\"450\" frameborder=\"0\" allowfullscreen=\"allowfullscreen\"><\/iframe><\/center>&nbsp;<\/p>","protected":false},"excerpt":{"rendered":"<p>\u00a0Servei personalitzat El nostre servei jur\u00eddic es basa en la confian\u00e7a personal i accessibilitat dels nostres professionals respecte als seus clients. El tracte personal i directe amb el client que es requereix des de l\u00b4inici del proc\u00e9s durant el mateix d\u00b4un determinat assumpte. Servei de qualitat El nostres advocats compten amb una alta qualificaci\u00f3n professional &#8230; <a title=\"Qu\u00e8 oferim\" class=\"read-more\" href=\"https:\/\/amlabogados.com\/ca\/\" aria-label=\"M\u00e9s informaci\u00f3 sobre Qu\u00e8 oferim\">Llegiu m\u00e9s<\/a><\/p>\n","protected":false},"author":1,"featured_media":0,"parent":0,"menu_order":0,"comment_status":"closed","ping_status":"closed","template":"","meta":{"footnotes":""},"class_list":["post-27","page","type-page","status-publish"],"yoast_head":"<!-- This site is optimized with the Yoast SEO plugin v26.5 - https:\/\/yoast.com\/wordpress\/plugins\/seo\/ -->\n<title>AML Abogados Barcelona - Despacho multidisciplinar en Barcelona<\/title>\n<meta name=\"description\" content=\"Nuestros abogados cuentan con una alta cualificaci\u00f3n profesional y experiencia legal que garantiza la excelencia en los servicios prestados\" \/>\n<meta name=\"robots\" content=\"index, follow, max-snippet:-1, max-image-preview:large, max-video-preview:-1\" \/>\n<link rel=\"canonical\" href=\"https:\/\/amlabogados.com\/ca\/\" \/>\n<meta property=\"og:locale\" content=\"ca_ES\" \/>\n<meta property=\"og:type\" content=\"article\" \/>\n<meta property=\"og:title\" content=\"AML Abogados Barcelona - Despacho multidisciplinar en Barcelona\" \/>\n<meta property=\"og:description\" content=\"Nuestros abogados cuentan con una alta cualificaci\u00f3n profesional y experiencia legal que garantiza la excelencia en los servicios prestados\" \/>\n<meta property=\"og:url\" content=\"https:\/\/amlabogados.com\/ca\/\" \/>\n<meta property=\"og:site_name\" content=\"AML Abogados - Law Office Barcelona\" \/>\n<meta property=\"article:modified_time\" content=\"2020-10-31T19:35:41+00:00\" \/>\n<meta property=\"og:image\" content=\"https:\/\/amlabogados.com\/wp-content\/uploads\/2015\/03\/abogado-barcelona.jpg\" \/>\n<meta name=\"twitter:label1\" content=\"Temps estimat de lectura\" \/>\n\t<meta name=\"twitter:data1\" content=\"2 minuts\" \/>\n<script type=\"application\/ld+json\" class=\"yoast-schema-graph\">{\"@context\":\"https:\/\/schema.org\",\"@graph\":[{\"@type\":\"WebPage\",\"@id\":\"https:\/\/amlabogados.com\/ca\/\",\"url\":\"https:\/\/amlabogados.com\/ca\/\",\"name\":\"AML Abogados Barcelona - Despacho multidisciplinar en Barcelona\",\"isPartOf\":{\"@id\":\"https:\/\/amlabogados.com\/ca\/#website\"},\"primaryImageOfPage\":{\"@id\":\"https:\/\/amlabogados.com\/ca\/#primaryimage\"},\"image\":{\"@id\":\"https:\/\/amlabogados.com\/es\/#primaryimage\"},\"thumbnailUrl\":\"https:\/\/amlabogados.com\/wp-content\/uploads\/2015\/03\/abogado-barcelona.jpg\",\"datePublished\":\"2015-03-02T17:36:23+00:00\",\"dateModified\":\"2020-10-31T19:35:41+00:00\",\"description\":\"Nuestros abogados cuentan con una alta cualificaci\u00f3n profesional y experiencia legal que garantiza la excelencia en los servicios prestados\",\"breadcrumb\":{\"@id\":\"https:\/\/amlabogados.com\/ca\/#breadcrumb\"},\"inLanguage\":\"ca\",\"potentialAction\":[{\"@type\":\"ReadAction\",\"target\":[[\"https:\/\/amlabogados.com\/ca\/\"]]}]},{\"@type\":\"ImageObject\",\"inLanguage\":\"ca\",\"@id\":\"https:\/\/amlabogados.com\/ca\/#primaryimage\",\"url\":\"https:\/\/amlabogados.com\/wp-content\/uploads\/2015\/03\/abogado-barcelona.jpg\",\"contentUrl\":\"https:\/\/amlabogados.com\/wp-content\/uploads\/2015\/03\/abogado-barcelona.jpg\"},{\"@type\":\"BreadcrumbList\",\"@id\":\"https:\/\/amlabogados.com\/ca\/#breadcrumb\",\"itemListElement\":[{\"@type\":\"ListItem\",\"position\":1,\"name\":\"Portada\",\"item\":\"https:\/\/amlabogados.com\/ca\/\"},{\"@type\":\"ListItem\",\"position\":2,\"name\":\"Qu\u00e9 ofrecemos\"}]},{\"@type\":\"WebSite\",\"@id\":\"https:\/\/amlabogados.com\/ca\/#website\",\"url\":\"https:\/\/amlabogados.com\/ca\/\",\"name\":\"AML Abogados - Law Office Barcelona\",\"description\":\"&lt;!\u2013Despacho multidisciplinar de abogados\u2013&gt;\",\"publisher\":{\"@id\":\"https:\/\/amlabogados.com\/ca\/#organization\"},\"potentialAction\":[{\"@type\":\"SearchAction\",\"target\":{\"@type\":\"EntryPoint\",\"urlTemplate\":\"https:\/\/amlabogados.com\/ca\/?s={search_term_string}\"},\"query-input\":{\"@type\":\"PropertyValueSpecification\",\"valueRequired\":true,\"valueName\":\"search_term_string\"}}],\"inLanguage\":\"ca\"},{\"@type\":\"Organization\",\"@id\":\"https:\/\/amlabogados.com\/ca\/#organization\",\"name\":\"AML Abogados - Law Office Barcelona\",\"url\":\"https:\/\/amlabogados.com\/ca\/\",\"logo\":{\"@type\":\"ImageObject\",\"inLanguage\":\"ca\",\"@id\":\"https:\/\/amlabogados.com\/ca\/#\/schema\/logo\/image\/\",\"url\":\"https:\/\/amlabogados.com\/wp-content\/uploads\/2017\/12\/cropped-largo.jpg\",\"contentUrl\":\"https:\/\/amlabogados.com\/wp-content\/uploads\/2017\/12\/cropped-largo.jpg\",\"width\":500,\"height\":112,\"caption\":\"AML Abogados - Law Office Barcelona\"},\"image\":{\"@id\":\"https:\/\/amlabogados.com\/ca\/#\/schema\/logo\/image\/\"}}]}<\/script>\n<!-- \/ Yoast SEO plugin. -->","yoast_head_json":{"title":"AML Abogados Barcelona - Despacho multidisciplinar en Barcelona","description":"Nuestros abogados cuentan con una alta cualificaci\u00f3n profesional y experiencia legal que garantiza la excelencia en los servicios prestados","robots":{"index":"index","follow":"follow","max-snippet":"max-snippet:-1","max-image-preview":"max-image-preview:large","max-video-preview":"max-video-preview:-1"},"canonical":"https:\/\/amlabogados.com\/ca\/","og_locale":"ca_ES","og_type":"article","og_title":"AML Abogados Barcelona - Despacho multidisciplinar en Barcelona","og_description":"Nuestros abogados cuentan con una alta cualificaci\u00f3n profesional y experiencia legal que garantiza la excelencia en los servicios prestados","og_url":"https:\/\/amlabogados.com\/ca\/","og_site_name":"AML Abogados - Law Office Barcelona","article_modified_time":"2020-10-31T19:35:41+00:00","og_image":[{"url":"https:\/\/amlabogados.com\/wp-content\/uploads\/2015\/03\/abogado-barcelona.jpg","type":"","width":"","height":""}],"twitter_misc":{"Temps estimat de lectura":"2 minuts"},"schema":{"@context":"https:\/\/schema.org","@graph":[{"@type":"WebPage","@id":"https:\/\/amlabogados.com\/ca\/","url":"https:\/\/amlabogados.com\/ca\/","name":"AML Abogados Barcelona - Despacho multidisciplinar en Barcelona","isPartOf":{"@id":"https:\/\/amlabogados.com\/ca\/#website"},"primaryImageOfPage":{"@id":"https:\/\/amlabogados.com\/ca\/#primaryimage"},"image":{"@id":"https:\/\/amlabogados.com\/es\/#primaryimage"},"thumbnailUrl":"https:\/\/amlabogados.com\/wp-content\/uploads\/2015\/03\/abogado-barcelona.jpg","datePublished":"2015-03-02T17:36:23+00:00","dateModified":"2020-10-31T19:35:41+00:00","description":"Nuestros abogados cuentan con una alta cualificaci\u00f3n profesional y experiencia legal que garantiza la excelencia en los servicios prestados","breadcrumb":{"@id":"https:\/\/amlabogados.com\/ca\/#breadcrumb"},"inLanguage":"ca","potentialAction":[{"@type":"ReadAction","target":[["https:\/\/amlabogados.com\/ca\/"]]}]},{"@type":"ImageObject","inLanguage":"ca","@id":"https:\/\/amlabogados.com\/ca\/#primaryimage","url":"https:\/\/amlabogados.com\/wp-content\/uploads\/2015\/03\/abogado-barcelona.jpg","contentUrl":"https:\/\/amlabogados.com\/wp-content\/uploads\/2015\/03\/abogado-barcelona.jpg"},{"@type":"BreadcrumbList","@id":"https:\/\/amlabogados.com\/ca\/#breadcrumb","itemListElement":[{"@type":"ListItem","position":1,"name":"Portada","item":"https:\/\/amlabogados.com\/ca\/"},{"@type":"ListItem","position":2,"name":"Qu\u00e9 ofrecemos"}]},{"@type":"WebSite","@id":"https:\/\/amlabogados.com\/ca\/#website","url":"https:\/\/amlabogados.com\/ca\/","name":"AML Abogados - Law Office Barcelona","description":"&lt;!\u2013Despacho multidisciplinar de abogados\u2013&gt;","publisher":{"@id":"https:\/\/amlabogados.com\/ca\/#organization"},"potentialAction":[{"@type":"SearchAction","target":{"@type":"EntryPoint","urlTemplate":"https:\/\/amlabogados.com\/ca\/?s={search_term_string}"},"query-input":{"@type":"PropertyValueSpecification","valueRequired":true,"valueName":"search_term_string"}}],"inLanguage":"ca"},{"@type":"Organization","@id":"https:\/\/amlabogados.com\/ca\/#organization","name":"AML Abogados - Law Office Barcelona","url":"https:\/\/amlabogados.com\/ca\/","logo":{"@type":"ImageObject","inLanguage":"ca","@id":"https:\/\/amlabogados.com\/ca\/#\/schema\/logo\/image\/","url":"https:\/\/amlabogados.com\/wp-content\/uploads\/2017\/12\/cropped-largo.jpg","contentUrl":"https:\/\/amlabogados.com\/wp-content\/uploads\/2017\/12\/cropped-largo.jpg","width":500,"height":112,"caption":"AML Abogados - Law Office Barcelona"},"image":{"@id":"https:\/\/amlabogados.com\/ca\/#\/schema\/logo\/image\/"}}]}},"_links":{"self":[{"href":"https:\/\/amlabogados.com\/ca\/wp-json\/wp\/v2\/pages\/27","targetHints":{"allow":["GET"]}}],"collection":[{"href":"https:\/\/amlabogados.com\/ca\/wp-json\/wp\/v2\/pages"}],"about":[{"href":"https:\/\/amlabogados.com\/ca\/wp-json\/wp\/v2\/types\/page"}],"author":[{"embeddable":true,"href":"https:\/\/amlabogados.com\/ca\/wp-json\/wp\/v2\/users\/1"}],"replies":[{"embeddable":true,"href":"https:\/\/amlabogados.com\/ca\/wp-json\/wp\/v2\/comments?post=27"}],"version-history":[{"count":30,"href":"https:\/\/amlabogados.com\/ca\/wp-json\/wp\/v2\/pages\/27\/revisions"}],"predecessor-version":[{"id":377,"href":"https:\/\/amlabogados.com\/ca\/wp-json\/wp\/v2\/pages\/27\/revisions\/377"}],"wp:attachment":[{"href":"https:\/\/amlabogados.com\/ca\/wp-json\/wp\/v2\/media?parent=27"}],"curies":[{"name":"wp","href":"https:\/\/api.w.org\/{rel}","templated":true}]}}