{"id":176,"date":"2016-11-17T20:20:37","date_gmt":"2016-11-17T20:20:37","guid":{"rendered":"http:\/\/amlabogados.com\/?page_id=176"},"modified":"2016-12-26T14:04:57","modified_gmt":"2016-12-26T13:04:57","slug":"politica-de-cookies","status":"publish","type":"page","link":"https:\/\/amlabogados.com\/ca\/politica-de-cookies\/","title":{"rendered":"Pol\u00edtica de cookies"},"content":{"rendered":"<p><\/p>\n<ul>\n<li>Les cookies s\u00f3n petites quantitats d&#8217;informaci\u00f3 que s&#8217;emmagatzemen al navegador utilitzat per cada usuari perqu\u00e8 el servidor recordi certa informaci\u00f3 que posteriorment pugui utilitzar. Aquesta informaci\u00f3 permet identificar-vos com a usuaris concrets i permet desar les vostres prefer\u00e8ncies personals, aix\u00ed com informaci\u00f3 t\u00e8cnica com puguin ser visites o p\u00e0gines concretes que visiteu. Aquells usuaris que no vulguin rebre cookies o vulguin ser informats abans no s&#8217;emmagatzemin al seu ordinador, poden configurar el seu navegador a aquest efecte.Les cookies que utilitzem no emmagatzemen cap dada personal, ni cap mena d&#8217;informaci\u00f3 que pugui identificar-vos. Les cookies serveixen per millorar els serveis que t&#8217;oferim. Algunes s\u00f3n estrictament necess\u00e0ries perqu\u00e8 la p\u00e0gina funcioni i b\u00e9 i d&#8217;altres serveixen per millorar el rendiment i la teva experi\u00e8ncia com a usuari.A continuaci\u00f3, es realitza una classificaci\u00f3 de les cookies en funci\u00f3 d&#8217;una s\u00e8rie de categories.<b>Tipus de cookies segons l&#8217;entitat que les gestioni:<\/b>\n<ul type=\"disc\">\n<li>Cookies pr\u00f2pies: S\u00f3n aquelles que s&#8217;envien a l&#8217;equip terminal de l&#8217;usuari des d&#8217;un equip o domini gestionat per l&#8217;editor mateix i des del qual es presta el servei sol\u00b7licitat per l&#8217;usuari.<\/li>\n<li>Cookies de tercer: S\u00f3n aquelles que s&#8217;envien a l&#8217;equip terminal de l&#8217;usuari des d&#8217;un equip o domini que no \u00e9s gestionat per l&#8217;editor, sin\u00f3 per una altra entitat que tracta les dades obtingudes trav\u00e9s de les cookies.<\/li>\n<\/ul>\n<p><b>Tipus de cookies segons el termini de temps que romanen activades:<\/b><\/p>\n<ul type=\"disc\">\n<li>Cookies de sessi\u00f3: S\u00f3n un tipus de cookies dissenyades per recaptar i emmagatzemar dades mentre l&#8217;usuari accedeix a una p\u00e0gina web.<\/li>\n<li>Cookies persistents: S\u00f3n un tipus de cookies en qu\u00e8 les dades segueixen emmagatzemades al terminal i poden ser accedides i tractades durant un per\u00edode definit pel responsable de la cookie, i que pot anar d&#8217;uns minuts a diversos anys.<\/li>\n<\/ul>\n<p><b>Tipus de cookies segons la seva finalitat:<\/b><\/p>\n<ul type=\"disc\">\n<li>Cookies t\u00e8cniques: S\u00f3n aquelles que permeten a l&#8217;usuari la navegaci\u00f3 a trav\u00e9s d&#8217;una p\u00e0gina web, plataforma o aplicaci\u00f3 i la utilitzaci\u00f3 de les diferents opcions o serveis que hi existeixin com, per exemple, controlar el tr\u00e0nsit i la comunicaci\u00f3 de dades, identificar la sessi\u00f3, accedir a parts d&#8217;acc\u00e9s restringit, recordar els elements que integren una comanda, realitzar el proc\u00e9s de compra d&#8217;una comanda, realitzar la sol\u00b7licitud d&#8217;inscripci\u00f3 o participaci\u00f3 en un esdeveniment, utilitzar elements de seguretat durant la navegaci\u00f3, emmagatzemar continguts per a la difusi\u00f3 de v\u00eddeos o so o compartir continguts a trav\u00e9s de xarxes socials.<\/li>\n<li>Cookies de personalitzaci\u00f3: S\u00f3n aquelles que permeten a l&#8217;usuari accedir al servei amb algunes caracter\u00edstiques de car\u00e0cter general predefinides en funci\u00f3 d&#8217;una s\u00e8rie de criteris al terminal de l&#8217;usuari, com per exemple l&#8217;idioma, el tipus de navegador a trav\u00e9s del qual accedeix al servei, la configuraci\u00f3 regional des d&#8217;on accedeix al servei, etc.<\/li>\n<li>Cookies d&#8217;an\u00e0lisi: S\u00f3n aquelles que permeten al responsable d&#8217;aquestes el seguiment i an\u00e0lisi del comportament dels usuaris dels llocs web als quals estan vinculades. La informaci\u00f3 recollida mitjan\u00e7ant aquest tipus de cookies s&#8217;utilitza en el mesurament de l&#8217;activitat dels llocs web, aplicaci\u00f3 o plataforma i per a l&#8217;elaboraci\u00f3 de perfils de navegaci\u00f3 dels usuaris d&#8217;aquests llocs, aplicacions i plataformes, amb la finalitat d&#8217;introduir millores en funci\u00f3 de l&#8217;an\u00e0lisi de les dades d&#8217;\u00fas que en fan els usuaris del servei.<\/li>\n<li>Cookies publicit\u00e0ries: S\u00f3n aquelles que permeten la gesti\u00f3, de la forma m\u00e9s efica\u00e7 possible, dels espais publicitaris que, si escau, l&#8217;editor hagi incl\u00f2s en una p\u00e0gina web, aplicaci\u00f3 o plataforma des de la qual presta el servei sol\u00b7licitat sobre la base de criteris com el contingut editat o la freq\u00fc\u00e8ncia en la qual es mostren els anuncis.<\/li>\n<li>Cookies de publicitat comportamental: S\u00f3n aquelles que permeten la gesti\u00f3, de la forma m\u00e9s efica\u00e7 possible, dels espais publicitaris que, si escau, l&#8217;editor hagi incl\u00f2s en una p\u00e0gina web, aplicaci\u00f3 o plataforma des de la qual presta el servei sol\u00b7licitat. Aquestes cookies emmagatzemen informaci\u00f3 del comportament dels usuaris obtinguda a trav\u00e9s de l&#8217;observaci\u00f3 continuada dels seus h\u00e0bits de navegaci\u00f3, la qual cosa permet desenvolupar un perfil espec\u00edfic per mostrar publicitat en funci\u00f3 d&#8217;aquest.<\/li>\n<\/ul>\n<p>Trobar\u00e0s m\u00e9s informaci\u00f3 sobre les cookies i com gestionar-les a <a href=\"http:\/\/www.aboutcookies.org\/\" target=\"_blank\">http:\/\/www.aboutcookies.org<\/a> o en el men\u00fa &#8220;Ajuda&#8221; del navegador.<\/p>\n<p>A aquesta p\u00e0gina web s&#8217;utilitzen els <b>tipus de cookies<\/b> seg\u00fcents:<\/p>\n<ul type=\"disc\">\n<li>Cookies anal\u00edtiques: Aquestes cookies s&#8217;utilitzen per analitzar el comportament dels usuaris de forma agregada i an\u00f2nima, incloent-hi el nombre de visitants a la web i a diferents fitxes de producte, la proced\u00e8ncia de les visites, dia i hora, plataforma, nombre de clics en un b\u00e0ner, paraules de recerca que utilitza un usuari per trobar el seu contingut desitjat. D&#8217;aquesta manera AML Abogados se serveix d&#8217;un mitj\u00e0 de gran utilitat per poder introduir millores en el lloc web i saber quin contingut o disseny \u00e9s m\u00e9s rellevant per a l&#8217;usuari.<\/li>\n<li>Cookies funcionals: S\u00f3n cookies que ajuden l&#8217;usuari a tenir una millor experi\u00e8ncia de la navegaci\u00f3 pel lloc. Un exemple d&#8217;\u00fas d&#8217;aquesta mena de cookies s\u00f3n les que s&#8217;utilitzen per emmagatzemar les dades de navegaci\u00f3 d&#8217;un idioma determinat.<\/li>\n<li>Cookies t\u00e8cniques:\u00a0Les cookies t\u00e8cniques s\u00f3n necess\u00e0ries per mostrar correctament la p\u00e0gina web i garantir el funcionament correcte del lloc.<\/li>\n<\/ul>\n<p>La taula seg\u00fcent recull de manera esquematitzada les <b>cookies<\/b> utilitzades en la p\u00e0gina web d&#8217;<b>AML Abogados<\/b>\u00a0perqu\u00e8 puguis identificar-les al teu navegador:<\/p>\n<ul type=\"disc\">\n<li>Tipus 1 Cookies Funcionals: Pr\u00f2pies generades per la web.<\/li>\n<li>Tipus 2 Cookies T\u00e8cniques: Generades autom\u00e0ticament pel servidor d&#8217;Aplicacions per a gesti\u00f3 de sessi\u00f3.<\/li>\n<li>Tipus 3 Cookies Anal\u00edtiques: Generades per codis de mesurament tipus Google analytics.<\/li>\n<\/ul>\n<table border=\"1\" cellpadding=\"0\">\n<thead>\n<tr>\n<td>\n<p align=\"center\"><b>Nom<\/b><\/p>\n<\/td>\n<td>\n<p align=\"center\"><b>Tipus<\/b><\/p>\n<\/td>\n<td>\n<p align=\"center\"><b>Descripci\u00f3<\/b><\/p>\n<\/td>\n<td>\n<p align=\"center\"><b>Durada<\/b><\/p>\n<\/td>\n<\/tr>\n<\/thead>\n<tbody>\n<tr>\n<td>tecnocom.portal.locale<\/td>\n<td>1<\/td>\n<td>Variable amb l&#8217;idioma seleccionat per l&#8217;usuari a la web quan clica sobre l&#8217;enlla\u00e7 de canvi d&#8217;idioma (banderes d&#8217;idiomes de la cap\u00e7alera)<\/td>\n<td>Indefinida<\/td>\n<\/tr>\n<tr>\n<td>JSESSIONID<\/td>\n<td>2<\/td>\n<td>\u00das intern del servidor d&#8217;aplicacions. Variable amb l&#8217;identificador de la sessi\u00f3 d&#8217;usuari i el node al qual s&#8217;ha assignat la seva sessi\u00f3<\/td>\n<td>Sessi\u00f3<\/td>\n<\/tr>\n<tr>\n<td>UID<\/td>\n<td>2<\/td>\n<td>\u00das intern del servidor d&#8217;aplicacions.<\/td>\n<td>Indefinida<\/td>\n<\/tr>\n<tr>\n<td>UIDR<\/td>\n<td>2<\/td>\n<td>\u00das intern del servidor d&#8217;aplicacions.<\/td>\n<td>Indefinida<\/td>\n<\/tr>\n<tr>\n<td>__gads<\/td>\n<td>2<\/td>\n<td>\u00das intern del servidor d&#8217;aplicacions.<\/td>\n<td>Indefinida<\/td>\n<\/tr>\n<tr>\n<td>__utma<\/td>\n<td>2<\/td>\n<td>\u00das intern del servidor d&#8217;aplicacions.<\/td>\n<td>Indefinida<\/td>\n<\/tr>\n<tr>\n<td>__utmb<\/td>\n<td>2<\/td>\n<td>\u00das intern del servidor d&#8217;aplicacions.<\/td>\n<td>Indefinida<\/td>\n<\/tr>\n<tr>\n<td>__utmc<\/td>\n<td>2<\/td>\n<td>\u00das intern del servidor d&#8217;aplicacions.<\/td>\n<td>Sessi\u00f3<\/td>\n<\/tr>\n<tr>\n<td>__utmz<\/td>\n<td>2<\/td>\n<td>\u00das intern del servidor d&#8217;aplicacions.<\/td>\n<td>Indefinida<\/td>\n<\/tr>\n<tr>\n<td>ns_cookietest<\/td>\n<td>3<\/td>\n<td>Es genera de manera autom\u00e0tica de forma transparent per a la web gr\u00e0cies a certs codis de mesurament JS incrustats en el codi font. Sitestat<\/td>\n<td>Sessi\u00f3<\/td>\n<\/tr>\n<tr>\n<td>ns_session<\/td>\n<td>3<\/td>\n<td>Es genera de manera autom\u00e0tica de forma transparent per a la web gr\u00e0cies a certs codis de mesurament JS incrustats en el codi font. Sitestat<\/td>\n<td>Sessi\u00f3<\/td>\n<\/tr>\n<\/tbody>\n<\/table>\n<p><b>Per permetre, con\u00e8ixer, blocar o eliminar les galetes instal\u00b7lades al vostre equip podeu fer-ho mitjan\u00e7ant la configuraci\u00f3 de les opcions del navegador instal\u00b7lat al vostre ordinador:<\/b><\/p>\n<ul>\n<li>Chrome: <a href=\"http:\/\/support.google.com\/chrome\/bin\/answer.py?hl=es&amp;answer=95647\" target=\"_blank\">http:\/\/support.google.com\/chrome\/bin\/answer.py?hl=es&amp;answer=95647<\/a><\/li>\n<li>Firefox: <a href=\"http:\/\/support.mozilla.org\/es\/kb\/habilitar-y-deshabilitar-cookies-que-los-sitios-we\" target=\"_blank\">http:\/\/support.mozilla.org\/es\/kb\/habilitar-y-deshabilitar-cookies-que-los-sitios-we<\/a><\/li>\n<li>Explorer:<a href=\"http:\/\/windows.microsoft.com\/es-es\/windows7\/how-to-manage-cookies-in-internet-explorer-9\" target=\"_blank\">http:\/\/windows.microsoft.com\/es-es\/windows7\/how-to-manage-cookies-in-internet-explorer-9<\/a><\/li>\n<li>Safari:<a href=\"http:\/\/support.apple.com\/kb\/ph5042\" target=\"_blank\">http:\/\/support.apple.com\/kb\/ph5042<\/a><\/li>\n<li>Opera: <a href=\"http:\/\/help.opera.com\/Windows\/11.50\/es-ES\/cookies.html\" target=\"_blank\">http:\/\/help.opera.com\/Windows\/11.50\/es-ES\/cookies.html<\/a><\/li>\n<\/ul>\n<\/li>\n<\/ul>\n<p><\/p>","protected":false},"excerpt":{"rendered":"<p>Les cookies s\u00f3n petites quantitats d&#8217;informaci\u00f3 que s&#8217;emmagatzemen al navegador utilitzat per cada usuari perqu\u00e8 el servidor recordi certa informaci\u00f3 que posteriorment pugui utilitzar. Aquesta informaci\u00f3 permet identificar-vos com a usuaris concrets i permet desar les vostres prefer\u00e8ncies personals, aix\u00ed com informaci\u00f3 t\u00e8cnica com puguin ser visites o p\u00e0gines concretes que visiteu. Aquells usuaris que &#8230; <a title=\"Pol\u00edtica de cookies\" class=\"read-more\" href=\"https:\/\/amlabogados.com\/ca\/politica-de-cookies\/\" aria-label=\"M\u00e9s informaci\u00f3 sobre Pol\u00edtica de cookies\">Llegiu m\u00e9s<\/a><\/p>\n","protected":false},"author":1,"featured_media":0,"parent":0,"menu_order":0,"comment_status":"closed","ping_status":"closed","template":"","meta":{"footnotes":""},"class_list":["post-176","page","type-page","status-publish"],"yoast_head":"<!-- This site is optimized with the Yoast SEO plugin v26.5 - https:\/\/yoast.com\/wordpress\/plugins\/seo\/ -->\n<title>Pol\u00edtica de cookies - AML Abogados - Law Office Barcelona<\/title>\n<meta name=\"robots\" content=\"index, follow, max-snippet:-1, max-image-preview:large, max-video-preview:-1\" \/>\n<link rel=\"canonical\" href=\"https:\/\/amlabogados.com\/ca\/politica-de-cookies\/\" \/>\n<meta property=\"og:locale\" content=\"ca_ES\" \/>\n<meta property=\"og:type\" content=\"article\" \/>\n<meta property=\"og:title\" content=\"Pol\u00edtica de cookies - AML Abogados - Law Office Barcelona\" \/>\n<meta property=\"og:description\" content=\"Les cookies s\u00f3n petites quantitats d&#8217;informaci\u00f3 que s&#8217;emmagatzemen al navegador utilitzat per cada usuari perqu\u00e8 el servidor recordi certa informaci\u00f3 que posteriorment pugui utilitzar. Aquesta informaci\u00f3 permet identificar-vos com a usuaris concrets i permet desar les vostres prefer\u00e8ncies personals, aix\u00ed com informaci\u00f3 t\u00e8cnica com puguin ser visites o p\u00e0gines concretes que visiteu. Aquells usuaris que ... Llegiu m\u00e9s\" \/>\n<meta property=\"og:url\" content=\"https:\/\/amlabogados.com\/ca\/politica-de-cookies\/\" \/>\n<meta property=\"og:site_name\" content=\"AML Abogados - Law Office Barcelona\" \/>\n<meta property=\"article:modified_time\" content=\"2016-12-26T13:04:57+00:00\" \/>\n<meta name=\"twitter:label1\" content=\"Temps estimat de lectura\" \/>\n\t<meta name=\"twitter:data1\" content=\"18 minuts\" \/>\n<script type=\"application\/ld+json\" class=\"yoast-schema-graph\">{\"@context\":\"https:\/\/schema.org\",\"@graph\":[{\"@type\":\"WebPage\",\"@id\":\"https:\/\/amlabogados.com\/ca\/politica-de-cookies\/\",\"url\":\"https:\/\/amlabogados.com\/ca\/politica-de-cookies\/\",\"name\":\"Pol\u00edtica de cookies - AML Abogados - Law Office Barcelona\",\"isPartOf\":{\"@id\":\"https:\/\/amlabogados.com\/ca\/#website\"},\"datePublished\":\"2016-11-17T20:20:37+00:00\",\"dateModified\":\"2016-12-26T13:04:57+00:00\",\"breadcrumb\":{\"@id\":\"https:\/\/amlabogados.com\/ca\/politica-de-cookies\/#breadcrumb\"},\"inLanguage\":\"ca\",\"potentialAction\":[{\"@type\":\"ReadAction\",\"target\":[[\"https:\/\/amlabogados.com\/ca\/politica-de-cookies\/\"]]}]},{\"@type\":\"BreadcrumbList\",\"@id\":\"https:\/\/amlabogados.com\/ca\/politica-de-cookies\/#breadcrumb\",\"itemListElement\":[{\"@type\":\"ListItem\",\"position\":1,\"name\":\"Portada\",\"item\":\"https:\/\/amlabogados.com\/ca\/\"},{\"@type\":\"ListItem\",\"position\":2,\"name\":\"Pol\u00edtica de cookies\"}]},{\"@type\":\"WebSite\",\"@id\":\"https:\/\/amlabogados.com\/ca\/#website\",\"url\":\"https:\/\/amlabogados.com\/ca\/\",\"name\":\"AML Abogados - Law Office Barcelona\",\"description\":\"&lt;!\u2013Despacho multidisciplinar de abogados\u2013&gt;\",\"publisher\":{\"@id\":\"https:\/\/amlabogados.com\/ca\/#organization\"},\"potentialAction\":[{\"@type\":\"SearchAction\",\"target\":{\"@type\":\"EntryPoint\",\"urlTemplate\":\"https:\/\/amlabogados.com\/ca\/?s={search_term_string}\"},\"query-input\":{\"@type\":\"PropertyValueSpecification\",\"valueRequired\":true,\"valueName\":\"search_term_string\"}}],\"inLanguage\":\"ca\"},{\"@type\":\"Organization\",\"@id\":\"https:\/\/amlabogados.com\/ca\/#organization\",\"name\":\"AML Abogados - Law Office Barcelona\",\"url\":\"https:\/\/amlabogados.com\/ca\/\",\"logo\":{\"@type\":\"ImageObject\",\"inLanguage\":\"ca\",\"@id\":\"https:\/\/amlabogados.com\/ca\/#\/schema\/logo\/image\/\",\"url\":\"https:\/\/amlabogados.com\/wp-content\/uploads\/2017\/12\/cropped-largo.jpg\",\"contentUrl\":\"https:\/\/amlabogados.com\/wp-content\/uploads\/2017\/12\/cropped-largo.jpg\",\"width\":500,\"height\":112,\"caption\":\"AML Abogados - Law Office Barcelona\"},\"image\":{\"@id\":\"https:\/\/amlabogados.com\/ca\/#\/schema\/logo\/image\/\"}}]}<\/script>\n<!-- \/ Yoast SEO plugin. -->","yoast_head_json":{"title":"Pol\u00edtica de cookies - AML Abogados - Law Office Barcelona","robots":{"index":"index","follow":"follow","max-snippet":"max-snippet:-1","max-image-preview":"max-image-preview:large","max-video-preview":"max-video-preview:-1"},"canonical":"https:\/\/amlabogados.com\/ca\/politica-de-cookies\/","og_locale":"ca_ES","og_type":"article","og_title":"Pol\u00edtica de cookies - AML Abogados - Law Office Barcelona","og_description":"Les cookies s\u00f3n petites quantitats d&#8217;informaci\u00f3 que s&#8217;emmagatzemen al navegador utilitzat per cada usuari perqu\u00e8 el servidor recordi certa informaci\u00f3 que posteriorment pugui utilitzar. Aquesta informaci\u00f3 permet identificar-vos com a usuaris concrets i permet desar les vostres prefer\u00e8ncies personals, aix\u00ed com informaci\u00f3 t\u00e8cnica com puguin ser visites o p\u00e0gines concretes que visiteu. Aquells usuaris que ... Llegiu m\u00e9s","og_url":"https:\/\/amlabogados.com\/ca\/politica-de-cookies\/","og_site_name":"AML Abogados - Law Office Barcelona","article_modified_time":"2016-12-26T13:04:57+00:00","twitter_misc":{"Temps estimat de lectura":"18 minuts"},"schema":{"@context":"https:\/\/schema.org","@graph":[{"@type":"WebPage","@id":"https:\/\/amlabogados.com\/ca\/politica-de-cookies\/","url":"https:\/\/amlabogados.com\/ca\/politica-de-cookies\/","name":"Pol\u00edtica de cookies - AML Abogados - Law Office Barcelona","isPartOf":{"@id":"https:\/\/amlabogados.com\/ca\/#website"},"datePublished":"2016-11-17T20:20:37+00:00","dateModified":"2016-12-26T13:04:57+00:00","breadcrumb":{"@id":"https:\/\/amlabogados.com\/ca\/politica-de-cookies\/#breadcrumb"},"inLanguage":"ca","potentialAction":[{"@type":"ReadAction","target":[["https:\/\/amlabogados.com\/ca\/politica-de-cookies\/"]]}]},{"@type":"BreadcrumbList","@id":"https:\/\/amlabogados.com\/ca\/politica-de-cookies\/#breadcrumb","itemListElement":[{"@type":"ListItem","position":1,"name":"Portada","item":"https:\/\/amlabogados.com\/ca\/"},{"@type":"ListItem","position":2,"name":"Pol\u00edtica de cookies"}]},{"@type":"WebSite","@id":"https:\/\/amlabogados.com\/ca\/#website","url":"https:\/\/amlabogados.com\/ca\/","name":"AML Abogados - Law Office Barcelona","description":"&lt;!\u2013Despacho multidisciplinar de abogados\u2013&gt;","publisher":{"@id":"https:\/\/amlabogados.com\/ca\/#organization"},"potentialAction":[{"@type":"SearchAction","target":{"@type":"EntryPoint","urlTemplate":"https:\/\/amlabogados.com\/ca\/?s={search_term_string}"},"query-input":{"@type":"PropertyValueSpecification","valueRequired":true,"valueName":"search_term_string"}}],"inLanguage":"ca"},{"@type":"Organization","@id":"https:\/\/amlabogados.com\/ca\/#organization","name":"AML Abogados - Law Office Barcelona","url":"https:\/\/amlabogados.com\/ca\/","logo":{"@type":"ImageObject","inLanguage":"ca","@id":"https:\/\/amlabogados.com\/ca\/#\/schema\/logo\/image\/","url":"https:\/\/amlabogados.com\/wp-content\/uploads\/2017\/12\/cropped-largo.jpg","contentUrl":"https:\/\/amlabogados.com\/wp-content\/uploads\/2017\/12\/cropped-largo.jpg","width":500,"height":112,"caption":"AML Abogados - Law Office Barcelona"},"image":{"@id":"https:\/\/amlabogados.com\/ca\/#\/schema\/logo\/image\/"}}]}},"_links":{"self":[{"href":"https:\/\/amlabogados.com\/ca\/wp-json\/wp\/v2\/pages\/176","targetHints":{"allow":["GET"]}}],"collection":[{"href":"https:\/\/amlabogados.com\/ca\/wp-json\/wp\/v2\/pages"}],"about":[{"href":"https:\/\/amlabogados.com\/ca\/wp-json\/wp\/v2\/types\/page"}],"author":[{"embeddable":true,"href":"https:\/\/amlabogados.com\/ca\/wp-json\/wp\/v2\/users\/1"}],"replies":[{"embeddable":true,"href":"https:\/\/amlabogados.com\/ca\/wp-json\/wp\/v2\/comments?post=176"}],"version-history":[{"count":7,"href":"https:\/\/amlabogados.com\/ca\/wp-json\/wp\/v2\/pages\/176\/revisions"}],"predecessor-version":[{"id":297,"href":"https:\/\/amlabogados.com\/ca\/wp-json\/wp\/v2\/pages\/176\/revisions\/297"}],"wp:attachment":[{"href":"https:\/\/amlabogados.com\/ca\/wp-json\/wp\/v2\/media?parent=176"}],"curies":[{"name":"wp","href":"https:\/\/api.w.org\/{rel}","templated":true}]}}