{"id":111,"date":"2016-11-14T23:29:03","date_gmt":"2016-11-14T23:29:03","guid":{"rendered":"http:\/\/amlabogados.com\/?page_id=111"},"modified":"2016-11-23T13:42:46","modified_gmt":"2016-11-23T13:42:46","slug":"derecho-administrativo","status":"publish","type":"page","link":"https:\/\/amlabogados.com\/ca\/areas-de-trabajo\/derecho-administrativo\/","title":{"rendered":"Derecho Administrativo"},"content":{"rendered":"<p><\/p>\n<ul>\n<li>Estrangeria\n<ul>\n<li>Ciutadania espanyola<\/li>\n<li>Resid\u00e8ncia legal espanyola i comunit\u00e0ria (europea)<\/li>\n<\/ul>\n<\/li>\n<\/ul>\n<div id=\"gt-res-c\" class=\"g-unit\">\n<div id=\"gt-res-p\">\n<div id=\"gt-res-data\">\n<div id=\"gt-res-wrap\">\n<div id=\"gt-res-content\">\n<ul>\n<li dir=\"ltr\"><span id=\"result_box\" class=\"\" lang=\"ca\">Urbanisme<\/span><\/li>\n<li dir=\"ltr\"><span id=\"result_box\" class=\"\" lang=\"ca\"><span class=\"\">Dret ambiental<\/span><\/span><\/li>\n<li dir=\"ltr\"><span id=\"result_box\" class=\"\" lang=\"ca\">Dret aeron\u00e0utic<\/span><\/li>\n<li dir=\"ltr\"><span id=\"result_box\" class=\"\" lang=\"ca\">Obres <span class=\"\">p\u00fabliques<\/span><span class=\"\">, llic\u00e8ncies<\/span>, expropiacions<\/span><\/li>\n<li dir=\"ltr\"><span id=\"result_box\" class=\"\" lang=\"ca\">Dret esportiu<\/span><\/li>\n<li dir=\"ltr\"><span id=\"result_box\" class=\"\" lang=\"ca\">Responsabilitat <span class=\"\">Patrimonial<\/span><br \/>\n<\/span><span id=\"result_box\" class=\"\" lang=\"ca\"><\/span><\/li>\n<li dir=\"ltr\"><span id=\"result_box\" class=\"\" lang=\"ca\">R\u00e8gim sancionador<\/span><\/li>\n<\/ul>\n<\/div>\n<\/div>\n<\/div>\n<\/div>\n<\/div>\n<p><\/p>","protected":false},"excerpt":{"rendered":"<p>Estrangeria Ciutadania espanyola Resid\u00e8ncia legal espanyola i comunit\u00e0ria (europea) Urbanisme Dret ambiental Dret aeron\u00e0utic Obres p\u00fabliques, llic\u00e8ncies, expropiacions Dret esportiu Responsabilitat Patrimonial R\u00e8gim sancionador<\/p>\n","protected":false},"author":1,"featured_media":0,"parent":13,"menu_order":2,"comment_status":"closed","ping_status":"closed","template":"","meta":{"footnotes":""},"class_list":["post-111","page","type-page","status-publish"],"yoast_head":"<!-- This site is optimized with the Yoast SEO plugin v26.5 - https:\/\/yoast.com\/wordpress\/plugins\/seo\/ -->\n<title>Derecho Administrativo - AML Abogados - Law Office Barcelona<\/title>\n<meta name=\"robots\" content=\"index, follow, max-snippet:-1, max-image-preview:large, max-video-preview:-1\" \/>\n<link rel=\"canonical\" href=\"https:\/\/amlabogados.com\/ca\/areas-de-trabajo\/derecho-administrativo\/\" \/>\n<meta property=\"og:locale\" content=\"ca_ES\" \/>\n<meta property=\"og:type\" content=\"article\" \/>\n<meta property=\"og:title\" content=\"Derecho Administrativo - AML Abogados - Law Office Barcelona\" \/>\n<meta property=\"og:description\" content=\"Estrangeria Ciutadania espanyola Resid\u00e8ncia legal espanyola i comunit\u00e0ria (europea) Urbanisme Dret ambiental Dret aeron\u00e0utic Obres p\u00fabliques, llic\u00e8ncies, expropiacions Dret esportiu Responsabilitat Patrimonial R\u00e8gim sancionador\" \/>\n<meta property=\"og:url\" content=\"https:\/\/amlabogados.com\/ca\/areas-de-trabajo\/derecho-administrativo\/\" \/>\n<meta property=\"og:site_name\" content=\"AML Abogados - Law Office Barcelona\" \/>\n<meta property=\"article:modified_time\" content=\"2016-11-23T13:42:46+00:00\" \/>\n<script type=\"application\/ld+json\" class=\"yoast-schema-graph\">{\"@context\":\"https:\/\/schema.org\",\"@graph\":[{\"@type\":\"WebPage\",\"@id\":\"https:\/\/amlabogados.com\/ca\/areas-de-trabajo\/derecho-administrativo\/\",\"url\":\"https:\/\/amlabogados.com\/ca\/areas-de-trabajo\/derecho-administrativo\/\",\"name\":\"Derecho Administrativo - AML Abogados - Law Office Barcelona\",\"isPartOf\":{\"@id\":\"https:\/\/amlabogados.com\/ca\/#website\"},\"datePublished\":\"2016-11-14T23:29:03+00:00\",\"dateModified\":\"2016-11-23T13:42:46+00:00\",\"breadcrumb\":{\"@id\":\"https:\/\/amlabogados.com\/ca\/areas-de-trabajo\/derecho-administrativo\/#breadcrumb\"},\"inLanguage\":\"ca\",\"potentialAction\":[{\"@type\":\"ReadAction\",\"target\":[[\"https:\/\/amlabogados.com\/ca\/areas-de-trabajo\/derecho-administrativo\/\"]]}]},{\"@type\":\"BreadcrumbList\",\"@id\":\"https:\/\/amlabogados.com\/ca\/areas-de-trabajo\/derecho-administrativo\/#breadcrumb\",\"itemListElement\":[{\"@type\":\"ListItem\",\"position\":1,\"name\":\"Portada\",\"item\":\"https:\/\/amlabogados.com\/ca\/\"},{\"@type\":\"ListItem\",\"position\":2,\"name\":\"\u00c1reas de trabajo\",\"item\":\"https:\/\/amlabogados.com\/ca\/areas-de-trabajo\/\"},{\"@type\":\"ListItem\",\"position\":3,\"name\":\"Derecho Administrativo\"}]},{\"@type\":\"WebSite\",\"@id\":\"https:\/\/amlabogados.com\/ca\/#website\",\"url\":\"https:\/\/amlabogados.com\/ca\/\",\"name\":\"AML Abogados - Law Office Barcelona\",\"description\":\"&lt;!\u2013Despacho multidisciplinar de abogados\u2013&gt;\",\"publisher\":{\"@id\":\"https:\/\/amlabogados.com\/ca\/#organization\"},\"potentialAction\":[{\"@type\":\"SearchAction\",\"target\":{\"@type\":\"EntryPoint\",\"urlTemplate\":\"https:\/\/amlabogados.com\/ca\/?s={search_term_string}\"},\"query-input\":{\"@type\":\"PropertyValueSpecification\",\"valueRequired\":true,\"valueName\":\"search_term_string\"}}],\"inLanguage\":\"ca\"},{\"@type\":\"Organization\",\"@id\":\"https:\/\/amlabogados.com\/ca\/#organization\",\"name\":\"AML Abogados - Law Office Barcelona\",\"url\":\"https:\/\/amlabogados.com\/ca\/\",\"logo\":{\"@type\":\"ImageObject\",\"inLanguage\":\"ca\",\"@id\":\"https:\/\/amlabogados.com\/ca\/#\/schema\/logo\/image\/\",\"url\":\"https:\/\/amlabogados.com\/wp-content\/uploads\/2017\/12\/cropped-largo.jpg\",\"contentUrl\":\"https:\/\/amlabogados.com\/wp-content\/uploads\/2017\/12\/cropped-largo.jpg\",\"width\":500,\"height\":112,\"caption\":\"AML Abogados - Law Office Barcelona\"},\"image\":{\"@id\":\"https:\/\/amlabogados.com\/ca\/#\/schema\/logo\/image\/\"}}]}<\/script>\n<!-- \/ Yoast SEO plugin. -->","yoast_head_json":{"title":"Derecho Administrativo - AML Abogados - Law Office Barcelona","robots":{"index":"index","follow":"follow","max-snippet":"max-snippet:-1","max-image-preview":"max-image-preview:large","max-video-preview":"max-video-preview:-1"},"canonical":"https:\/\/amlabogados.com\/ca\/areas-de-trabajo\/derecho-administrativo\/","og_locale":"ca_ES","og_type":"article","og_title":"Derecho Administrativo - AML Abogados - Law Office Barcelona","og_description":"Estrangeria Ciutadania espanyola Resid\u00e8ncia legal espanyola i comunit\u00e0ria (europea) Urbanisme Dret ambiental Dret aeron\u00e0utic Obres p\u00fabliques, llic\u00e8ncies, expropiacions Dret esportiu Responsabilitat Patrimonial R\u00e8gim sancionador","og_url":"https:\/\/amlabogados.com\/ca\/areas-de-trabajo\/derecho-administrativo\/","og_site_name":"AML Abogados - Law Office Barcelona","article_modified_time":"2016-11-23T13:42:46+00:00","schema":{"@context":"https:\/\/schema.org","@graph":[{"@type":"WebPage","@id":"https:\/\/amlabogados.com\/ca\/areas-de-trabajo\/derecho-administrativo\/","url":"https:\/\/amlabogados.com\/ca\/areas-de-trabajo\/derecho-administrativo\/","name":"Derecho Administrativo - AML Abogados - Law Office Barcelona","isPartOf":{"@id":"https:\/\/amlabogados.com\/ca\/#website"},"datePublished":"2016-11-14T23:29:03+00:00","dateModified":"2016-11-23T13:42:46+00:00","breadcrumb":{"@id":"https:\/\/amlabogados.com\/ca\/areas-de-trabajo\/derecho-administrativo\/#breadcrumb"},"inLanguage":"ca","potentialAction":[{"@type":"ReadAction","target":[["https:\/\/amlabogados.com\/ca\/areas-de-trabajo\/derecho-administrativo\/"]]}]},{"@type":"BreadcrumbList","@id":"https:\/\/amlabogados.com\/ca\/areas-de-trabajo\/derecho-administrativo\/#breadcrumb","itemListElement":[{"@type":"ListItem","position":1,"name":"Portada","item":"https:\/\/amlabogados.com\/ca\/"},{"@type":"ListItem","position":2,"name":"\u00c1reas de trabajo","item":"https:\/\/amlabogados.com\/ca\/areas-de-trabajo\/"},{"@type":"ListItem","position":3,"name":"Derecho Administrativo"}]},{"@type":"WebSite","@id":"https:\/\/amlabogados.com\/ca\/#website","url":"https:\/\/amlabogados.com\/ca\/","name":"AML Abogados - Law Office Barcelona","description":"&lt;!\u2013Despacho multidisciplinar de abogados\u2013&gt;","publisher":{"@id":"https:\/\/amlabogados.com\/ca\/#organization"},"potentialAction":[{"@type":"SearchAction","target":{"@type":"EntryPoint","urlTemplate":"https:\/\/amlabogados.com\/ca\/?s={search_term_string}"},"query-input":{"@type":"PropertyValueSpecification","valueRequired":true,"valueName":"search_term_string"}}],"inLanguage":"ca"},{"@type":"Organization","@id":"https:\/\/amlabogados.com\/ca\/#organization","name":"AML Abogados - Law Office Barcelona","url":"https:\/\/amlabogados.com\/ca\/","logo":{"@type":"ImageObject","inLanguage":"ca","@id":"https:\/\/amlabogados.com\/ca\/#\/schema\/logo\/image\/","url":"https:\/\/amlabogados.com\/wp-content\/uploads\/2017\/12\/cropped-largo.jpg","contentUrl":"https:\/\/amlabogados.com\/wp-content\/uploads\/2017\/12\/cropped-largo.jpg","width":500,"height":112,"caption":"AML Abogados - Law Office Barcelona"},"image":{"@id":"https:\/\/amlabogados.com\/ca\/#\/schema\/logo\/image\/"}}]}},"_links":{"self":[{"href":"https:\/\/amlabogados.com\/ca\/wp-json\/wp\/v2\/pages\/111","targetHints":{"allow":["GET"]}}],"collection":[{"href":"https:\/\/amlabogados.com\/ca\/wp-json\/wp\/v2\/pages"}],"about":[{"href":"https:\/\/amlabogados.com\/ca\/wp-json\/wp\/v2\/types\/page"}],"author":[{"embeddable":true,"href":"https:\/\/amlabogados.com\/ca\/wp-json\/wp\/v2\/users\/1"}],"replies":[{"embeddable":true,"href":"https:\/\/amlabogados.com\/ca\/wp-json\/wp\/v2\/comments?post=111"}],"version-history":[{"count":9,"href":"https:\/\/amlabogados.com\/ca\/wp-json\/wp\/v2\/pages\/111\/revisions"}],"predecessor-version":[{"id":254,"href":"https:\/\/amlabogados.com\/ca\/wp-json\/wp\/v2\/pages\/111\/revisions\/254"}],"up":[{"embeddable":true,"href":"https:\/\/amlabogados.com\/ca\/wp-json\/wp\/v2\/pages\/13"}],"wp:attachment":[{"href":"https:\/\/amlabogados.com\/ca\/wp-json\/wp\/v2\/media?parent=111"}],"curies":[{"name":"wp","href":"https:\/\/api.w.org\/{rel}","templated":true}]}}