{"id":103,"date":"2016-11-14T23:23:04","date_gmt":"2016-11-14T23:23:04","guid":{"rendered":"http:\/\/amlabogados.com\/?page_id=103"},"modified":"2016-11-22T13:32:31","modified_gmt":"2016-11-22T13:32:31","slug":"criminal-law","status":"publish","type":"page","link":"https:\/\/amlabogados.com\/ca\/areas-de-trabajo\/criminal-law\/","title":{"rendered":"Dret Penal"},"content":{"rendered":"<p><\/p>\n<ul>\n<li>Dret penal econ\u00f2mic<\/li>\n<li>Delictes contra l&#8217;administraci\u00f3<\/li>\n<li>\u00a0Delictes contra el medi ambient<\/li>\n<li>\u00a0Delictes urban\u00edstics<\/li>\n<li>\u00a0Delictes contra les persones<\/li>\n<li>\u00a0Litigaci\u00f3 penal en general<\/li>\n<\/ul>\n<p><\/p>","protected":false},"excerpt":{"rendered":"<p>Dret penal econ\u00f2mic Delictes contra l&#8217;administraci\u00f3 \u00a0Delictes contra el medi ambient \u00a0Delictes urban\u00edstics \u00a0Delictes contra les persones \u00a0Litigaci\u00f3 penal en general<\/p>\n","protected":false},"author":1,"featured_media":0,"parent":13,"menu_order":1,"comment_status":"closed","ping_status":"closed","template":"","meta":{"footnotes":""},"class_list":["post-103","page","type-page","status-publish"],"yoast_head":"<!-- This site is optimized with the Yoast SEO plugin v26.5 - https:\/\/yoast.com\/wordpress\/plugins\/seo\/ -->\n<title>AML Advocats Barcelona - Atenci\u00f3 a litigis de dret penal<\/title>\n<meta name=\"description\" content=\"Dret penal econ\u00f2mic, Delictes contra l&#039;administraci\u00f3, Delictes contra el medi ambient, delictes urban\u00edstics i Delictes contra les persones.\" \/>\n<meta name=\"robots\" content=\"index, follow, max-snippet:-1, max-image-preview:large, max-video-preview:-1\" \/>\n<link rel=\"canonical\" href=\"https:\/\/amlabogados.com\/ca\/areas-de-trabajo\/criminal-law\/\" \/>\n<meta property=\"og:locale\" content=\"ca_ES\" \/>\n<meta property=\"og:type\" content=\"article\" \/>\n<meta property=\"og:title\" content=\"AML Advocats Barcelona - Atenci\u00f3 a litigis de dret penal\" \/>\n<meta property=\"og:description\" content=\"Dret penal econ\u00f2mic, Delictes contra l&#039;administraci\u00f3, Delictes contra el medi ambient, delictes urban\u00edstics i Delictes contra les persones.\" \/>\n<meta property=\"og:url\" content=\"https:\/\/amlabogados.com\/ca\/areas-de-trabajo\/criminal-law\/\" \/>\n<meta property=\"og:site_name\" content=\"AML Abogados - Law Office Barcelona\" \/>\n<meta property=\"article:modified_time\" content=\"2016-11-22T13:32:31+00:00\" \/>\n<script type=\"application\/ld+json\" class=\"yoast-schema-graph\">{\"@context\":\"https:\/\/schema.org\",\"@graph\":[{\"@type\":\"WebPage\",\"@id\":\"https:\/\/amlabogados.com\/ca\/areas-de-trabajo\/criminal-law\/\",\"url\":\"https:\/\/amlabogados.com\/ca\/areas-de-trabajo\/criminal-law\/\",\"name\":\"AML Advocats Barcelona - Atenci\u00f3 a litigis de dret penal\",\"isPartOf\":{\"@id\":\"https:\/\/amlabogados.com\/ca\/#website\"},\"datePublished\":\"2016-11-14T23:23:04+00:00\",\"dateModified\":\"2016-11-22T13:32:31+00:00\",\"description\":\"Dret penal econ\u00f2mic, Delictes contra l'administraci\u00f3, Delictes contra el medi ambient, delictes urban\u00edstics i Delictes contra les persones.\",\"breadcrumb\":{\"@id\":\"https:\/\/amlabogados.com\/ca\/areas-de-trabajo\/criminal-law\/#breadcrumb\"},\"inLanguage\":\"ca\",\"potentialAction\":[{\"@type\":\"ReadAction\",\"target\":[[\"https:\/\/amlabogados.com\/ca\/areas-de-trabajo\/criminal-law\/\"]]}]},{\"@type\":\"BreadcrumbList\",\"@id\":\"https:\/\/amlabogados.com\/ca\/areas-de-trabajo\/criminal-law\/#breadcrumb\",\"itemListElement\":[{\"@type\":\"ListItem\",\"position\":1,\"name\":\"Portada\",\"item\":\"https:\/\/amlabogados.com\/ca\/\"},{\"@type\":\"ListItem\",\"position\":2,\"name\":\"\u00c1reas de trabajo\",\"item\":\"https:\/\/amlabogados.com\/ca\/areas-de-trabajo\/\"},{\"@type\":\"ListItem\",\"position\":3,\"name\":\"Derecho Penal\"}]},{\"@type\":\"WebSite\",\"@id\":\"https:\/\/amlabogados.com\/ca\/#website\",\"url\":\"https:\/\/amlabogados.com\/ca\/\",\"name\":\"AML Abogados - Law Office Barcelona\",\"description\":\"&lt;!\u2013Despacho multidisciplinar de abogados\u2013&gt;\",\"publisher\":{\"@id\":\"https:\/\/amlabogados.com\/ca\/#organization\"},\"potentialAction\":[{\"@type\":\"SearchAction\",\"target\":{\"@type\":\"EntryPoint\",\"urlTemplate\":\"https:\/\/amlabogados.com\/ca\/?s={search_term_string}\"},\"query-input\":{\"@type\":\"PropertyValueSpecification\",\"valueRequired\":true,\"valueName\":\"search_term_string\"}}],\"inLanguage\":\"ca\"},{\"@type\":\"Organization\",\"@id\":\"https:\/\/amlabogados.com\/ca\/#organization\",\"name\":\"AML Abogados - Law Office Barcelona\",\"url\":\"https:\/\/amlabogados.com\/ca\/\",\"logo\":{\"@type\":\"ImageObject\",\"inLanguage\":\"ca\",\"@id\":\"https:\/\/amlabogados.com\/ca\/#\/schema\/logo\/image\/\",\"url\":\"https:\/\/amlabogados.com\/wp-content\/uploads\/2017\/12\/cropped-largo.jpg\",\"contentUrl\":\"https:\/\/amlabogados.com\/wp-content\/uploads\/2017\/12\/cropped-largo.jpg\",\"width\":500,\"height\":112,\"caption\":\"AML Abogados - Law Office Barcelona\"},\"image\":{\"@id\":\"https:\/\/amlabogados.com\/ca\/#\/schema\/logo\/image\/\"}}]}<\/script>\n<!-- \/ Yoast SEO plugin. -->","yoast_head_json":{"title":"AML Advocats Barcelona - Atenci\u00f3 a litigis de dret penal","description":"Dret penal econ\u00f2mic, Delictes contra l'administraci\u00f3, Delictes contra el medi ambient, delictes urban\u00edstics i Delictes contra les persones.","robots":{"index":"index","follow":"follow","max-snippet":"max-snippet:-1","max-image-preview":"max-image-preview:large","max-video-preview":"max-video-preview:-1"},"canonical":"https:\/\/amlabogados.com\/ca\/areas-de-trabajo\/criminal-law\/","og_locale":"ca_ES","og_type":"article","og_title":"AML Advocats Barcelona - Atenci\u00f3 a litigis de dret penal","og_description":"Dret penal econ\u00f2mic, Delictes contra l'administraci\u00f3, Delictes contra el medi ambient, delictes urban\u00edstics i Delictes contra les persones.","og_url":"https:\/\/amlabogados.com\/ca\/areas-de-trabajo\/criminal-law\/","og_site_name":"AML Abogados - Law Office Barcelona","article_modified_time":"2016-11-22T13:32:31+00:00","schema":{"@context":"https:\/\/schema.org","@graph":[{"@type":"WebPage","@id":"https:\/\/amlabogados.com\/ca\/areas-de-trabajo\/criminal-law\/","url":"https:\/\/amlabogados.com\/ca\/areas-de-trabajo\/criminal-law\/","name":"AML Advocats Barcelona - Atenci\u00f3 a litigis de dret penal","isPartOf":{"@id":"https:\/\/amlabogados.com\/ca\/#website"},"datePublished":"2016-11-14T23:23:04+00:00","dateModified":"2016-11-22T13:32:31+00:00","description":"Dret penal econ\u00f2mic, Delictes contra l'administraci\u00f3, Delictes contra el medi ambient, delictes urban\u00edstics i Delictes contra les persones.","breadcrumb":{"@id":"https:\/\/amlabogados.com\/ca\/areas-de-trabajo\/criminal-law\/#breadcrumb"},"inLanguage":"ca","potentialAction":[{"@type":"ReadAction","target":[["https:\/\/amlabogados.com\/ca\/areas-de-trabajo\/criminal-law\/"]]}]},{"@type":"BreadcrumbList","@id":"https:\/\/amlabogados.com\/ca\/areas-de-trabajo\/criminal-law\/#breadcrumb","itemListElement":[{"@type":"ListItem","position":1,"name":"Portada","item":"https:\/\/amlabogados.com\/ca\/"},{"@type":"ListItem","position":2,"name":"\u00c1reas de trabajo","item":"https:\/\/amlabogados.com\/ca\/areas-de-trabajo\/"},{"@type":"ListItem","position":3,"name":"Derecho Penal"}]},{"@type":"WebSite","@id":"https:\/\/amlabogados.com\/ca\/#website","url":"https:\/\/amlabogados.com\/ca\/","name":"AML Abogados - Law Office Barcelona","description":"&lt;!\u2013Despacho multidisciplinar de abogados\u2013&gt;","publisher":{"@id":"https:\/\/amlabogados.com\/ca\/#organization"},"potentialAction":[{"@type":"SearchAction","target":{"@type":"EntryPoint","urlTemplate":"https:\/\/amlabogados.com\/ca\/?s={search_term_string}"},"query-input":{"@type":"PropertyValueSpecification","valueRequired":true,"valueName":"search_term_string"}}],"inLanguage":"ca"},{"@type":"Organization","@id":"https:\/\/amlabogados.com\/ca\/#organization","name":"AML Abogados - Law Office Barcelona","url":"https:\/\/amlabogados.com\/ca\/","logo":{"@type":"ImageObject","inLanguage":"ca","@id":"https:\/\/amlabogados.com\/ca\/#\/schema\/logo\/image\/","url":"https:\/\/amlabogados.com\/wp-content\/uploads\/2017\/12\/cropped-largo.jpg","contentUrl":"https:\/\/amlabogados.com\/wp-content\/uploads\/2017\/12\/cropped-largo.jpg","width":500,"height":112,"caption":"AML Abogados - Law Office Barcelona"},"image":{"@id":"https:\/\/amlabogados.com\/ca\/#\/schema\/logo\/image\/"}}]}},"_links":{"self":[{"href":"https:\/\/amlabogados.com\/ca\/wp-json\/wp\/v2\/pages\/103","targetHints":{"allow":["GET"]}}],"collection":[{"href":"https:\/\/amlabogados.com\/ca\/wp-json\/wp\/v2\/pages"}],"about":[{"href":"https:\/\/amlabogados.com\/ca\/wp-json\/wp\/v2\/types\/page"}],"author":[{"embeddable":true,"href":"https:\/\/amlabogados.com\/ca\/wp-json\/wp\/v2\/users\/1"}],"replies":[{"embeddable":true,"href":"https:\/\/amlabogados.com\/ca\/wp-json\/wp\/v2\/comments?post=103"}],"version-history":[{"count":5,"href":"https:\/\/amlabogados.com\/ca\/wp-json\/wp\/v2\/pages\/103\/revisions"}],"predecessor-version":[{"id":240,"href":"https:\/\/amlabogados.com\/ca\/wp-json\/wp\/v2\/pages\/103\/revisions\/240"}],"up":[{"embeddable":true,"href":"https:\/\/amlabogados.com\/ca\/wp-json\/wp\/v2\/pages\/13"}],"wp:attachment":[{"href":"https:\/\/amlabogados.com\/ca\/wp-json\/wp\/v2\/media?parent=103"}],"curies":[{"name":"wp","href":"https:\/\/api.w.org\/{rel}","templated":true}]}}